{"id":668,"date":"2024-09-19T16:13:12","date_gmt":"2024-09-19T16:13:12","guid":{"rendered":"http:\/\/35.182.85.233\/?page_id=668"},"modified":"2025-01-31T13:58:27","modified_gmt":"2025-01-31T19:58:27","slug":"mission-vision-and-values","status":"publish","type":"page","link":"https:\/\/www.fireflynw.ca\/fr\/who-we-are\/mission-vision-and-values\/","title":{"rendered":"Mission, vision et valeurs"},"content":{"rendered":"<div data-elementor-type=\"wp-page\" data-elementor-id=\"668\" class=\"elementor elementor-668\" data-elementor-post-type=\"page\">\n\t\t\t\t<div class=\"elementor-element elementor-element-24f8dc60 e-flex e-con-boxed e-con e-parent\" data-id=\"24f8dc60\" data-element_type=\"container\" data-e-type=\"container\" data-settings=\"{&quot;background_background&quot;:&quot;classic&quot;,&quot;shape_divider_bottom&quot;:&quot;curve&quot;}\">\n\t\t\t\t\t<div class=\"e-con-inner\">\n\t\t\t\t<div class=\"elementor-shape elementor-shape-bottom\" aria-hidden=\"true\" data-negative=\"false\">\n\t\t\t<svg xmlns=\"http:\/\/www.w3.org\/2000\/svg\" viewbox=\"0 0 1000 100\" preserveaspectratio=\"none\">\n    <path class=\"elementor-shape-fill\" d=\"M1000,4.3V0H0v4.3C0.9,23.1,126.7,99.2,500,100S1000,22.7,1000,4.3z\"\/>\n<\/svg>\t\t<\/div>\n\t\t<div class=\"elementor-element elementor-element-b9b04c1 e-con-full e-flex e-con e-child\" data-id=\"b9b04c1\" data-element_type=\"container\" data-e-type=\"container\">\n\t\t\t\t<div class=\"elementor-element elementor-element-42f17e4 elementor-widget elementor-widget-heading\" data-id=\"42f17e4\" data-element_type=\"widget\" data-e-type=\"widget\" data-widget_type=\"heading.default\">\n\t\t\t\t<div class=\"elementor-widget-container\">\n\t\t\t\t\t<h1 class=\"elementor-heading-title elementor-size-default\">Mission, vision et valeurs<\/h1>\t\t\t\t<\/div>\n\t\t\t\t<\/div>\n\t\t\t\t<\/div>\n\t\t\t\t\t<\/div>\n\t\t\t\t<\/div>\n\t\t<div class=\"elementor-element elementor-element-a5653ae e-flex e-con-boxed e-con e-parent\" data-id=\"a5653ae\" data-element_type=\"container\" data-e-type=\"container\">\n\t\t\t\t\t<div class=\"e-con-inner\">\n\t\t\t\t<div class=\"elementor-element elementor-element-fff148d elementor-widget elementor-widget-heading\" data-id=\"fff148d\" data-element_type=\"widget\" data-e-type=\"widget\" data-widget_type=\"heading.default\">\n\t\t\t\t<div class=\"elementor-widget-container\">\n\t\t\t\t\t<h3 class=\"elementor-heading-title elementor-size-default\">Notre mission<\/h3>\t\t\t\t<\/div>\n\t\t\t\t<\/div>\n\t\t\t\t<div class=\"elementor-element elementor-element-2524d5d elementor-widget elementor-widget-text-editor\" data-id=\"2524d5d\" data-element_type=\"widget\" data-e-type=\"widget\" data-widget_type=\"text-editor.default\">\n\t\t\t\t<div class=\"elementor-widget-container\">\n\t\t\t\t\t\t\t\t\t<p><span data-contrast=\"auto\">Faire une diff\u00e9rence positive dans le bien-\u00eatre et le parcours de vie des enfants, des jeunes et des familles.<\/span><span data-ccp-props=\"{}\">\u00a0<\/span><\/p>\t\t\t\t\t\t\t\t<\/div>\n\t\t\t\t<\/div>\n\t\t\t\t<div class=\"elementor-element elementor-element-db63b93 elementor-widget elementor-widget-heading\" data-id=\"db63b93\" data-element_type=\"widget\" data-e-type=\"widget\" data-widget_type=\"heading.default\">\n\t\t\t\t<div class=\"elementor-widget-container\">\n\t\t\t\t\t<h3 class=\"elementor-heading-title elementor-size-default\">Notre vision<\/h3>\t\t\t\t<\/div>\n\t\t\t\t<\/div>\n\t\t\t\t<div class=\"elementor-element elementor-element-3e8e8c7 elementor-widget elementor-widget-text-editor\" data-id=\"3e8e8c7\" data-element_type=\"widget\" data-e-type=\"widget\" data-widget_type=\"text-editor.default\">\n\t\t\t\t<div class=\"elementor-widget-container\">\n\t\t\t\t\t\t\t\t\t<p>Des personnes en bonne sant\u00e9. Familles r\u00e9silientes. Des communaut\u00e9s dynamiques.<\/p>\t\t\t\t\t\t\t\t<\/div>\n\t\t\t\t<\/div>\n\t\t\t\t<div class=\"elementor-element elementor-element-109e1b0 elementor-widget elementor-widget-heading\" data-id=\"109e1b0\" data-element_type=\"widget\" data-e-type=\"widget\" data-widget_type=\"heading.default\">\n\t\t\t\t<div class=\"elementor-widget-container\">\n\t\t\t\t\t<h3 class=\"elementor-heading-title elementor-size-default\">Nos valeurs<\/h3>\t\t\t\t<\/div>\n\t\t\t\t<\/div>\n\t\t\t\t\t<\/div>\n\t\t\t\t<\/div>\n\t\t<div class=\"elementor-element elementor-element-746f971 e-flex e-con-boxed e-con e-parent\" data-id=\"746f971\" data-element_type=\"container\" data-e-type=\"container\">\n\t\t\t\t\t<div class=\"e-con-inner\">\n\t\t<div class=\"elementor-element elementor-element-0d10923 e-con-full e-flex e-con e-child\" data-id=\"0d10923\" data-element_type=\"container\" data-e-type=\"container\">\n\t\t<div class=\"elementor-element elementor-element-7ff7b6f e-con-full e-flex e-con e-child\" data-id=\"7ff7b6f\" data-element_type=\"container\" data-e-type=\"container\">\n\t\t\t\t<div class=\"elementor-element elementor-element-e408f6e elementor-widget elementor-widget-image\" data-id=\"e408f6e\" data-element_type=\"widget\" data-e-type=\"widget\" data-widget_type=\"image.default\">\n\t\t\t\t<div class=\"elementor-widget-container\">\n\t\t\t\t\t\t\t\t\t\t\t\t\t\t\t<img fetchpriority=\"high\" decoding=\"async\" width=\"800\" height=\"666\" src=\"https:\/\/www.fireflynw.ca\/wp-content\/uploads\/2025\/01\/Heart-Artwork-by-Grade-6-student-Laura-McNulty-Ecole-Ste-Marguerite-Bourgeoys-Kenora-1024x852.jpg\" class=\"attachment-large size-large wp-image-2841\" alt=\"Heart Artwork By Grade 6 Student, Laura Mcnulty, \u00c9cole Ste Marguerite Bourgeoys, Kenora\" srcset=\"https:\/\/www.fireflynw.ca\/wp-content\/uploads\/2025\/01\/Heart-Artwork-by-Grade-6-student-Laura-McNulty-Ecole-Ste-Marguerite-Bourgeoys-Kenora-1024x852.jpg 1024w, https:\/\/www.fireflynw.ca\/wp-content\/uploads\/2025\/01\/Heart-Artwork-by-Grade-6-student-Laura-McNulty-Ecole-Ste-Marguerite-Bourgeoys-Kenora-300x250.jpg 300w, https:\/\/www.fireflynw.ca\/wp-content\/uploads\/2025\/01\/Heart-Artwork-by-Grade-6-student-Laura-McNulty-Ecole-Ste-Marguerite-Bourgeoys-Kenora-768x639.jpg 768w, https:\/\/www.fireflynw.ca\/wp-content\/uploads\/2025\/01\/Heart-Artwork-by-Grade-6-student-Laura-McNulty-Ecole-Ste-Marguerite-Bourgeoys-Kenora-1536x1278.jpg 1536w, https:\/\/www.fireflynw.ca\/wp-content\/uploads\/2025\/01\/Heart-Artwork-by-Grade-6-student-Laura-McNulty-Ecole-Ste-Marguerite-Bourgeoys-Kenora-2048x1704.jpg 2048w, https:\/\/www.fireflynw.ca\/wp-content\/uploads\/2025\/01\/Heart-Artwork-by-Grade-6-student-Laura-McNulty-Ecole-Ste-Marguerite-Bourgeoys-Kenora-14x12.jpg 14w\" sizes=\"(max-width: 800px) 100vw, 800px\" \/>\t\t\t\t\t\t\t\t\t\t\t\t\t\t\t<\/div>\n\t\t\t\t<\/div>\n\t\t\t\t<\/div>\n\t\t<div class=\"elementor-element elementor-element-e04b1f0 e-con-full e-flex e-con e-child\" data-id=\"e04b1f0\" data-element_type=\"container\" data-e-type=\"container\" data-settings=\"{&quot;background_background&quot;:&quot;classic&quot;}\">\n\t\t\t\t<div class=\"elementor-element elementor-element-2dbaed5 elementor-widget elementor-widget-heading\" data-id=\"2dbaed5\" data-element_type=\"widget\" data-e-type=\"widget\" data-widget_type=\"heading.default\">\n\t\t\t\t<div class=\"elementor-widget-container\">\n\t\t\t\t\t<h2 class=\"elementor-heading-title elementor-size-default\">Le c\u0153ur<\/h2>\t\t\t\t<\/div>\n\t\t\t\t<\/div>\n\t\t\t\t<div class=\"elementor-element elementor-element-1b08751 elementor-widget elementor-widget-text-editor\" data-id=\"1b08751\" data-element_type=\"widget\" data-e-type=\"widget\" data-widget_type=\"text-editor.default\">\n\t\t\t\t<div class=\"elementor-widget-container\">\n\t\t\t\t\t\t\t\t\t<p><span data-olk-copy-source=\"MessageBody\">Cette valeur concerne la mani\u00e8re dont nous accomplissons notre travail, avec c\u0153ur, d\u00e9vouement et raison. C'est la fa\u00e7on dont nous abordons notre travail : avec empathie, passion, attention, respect et sensibilit\u00e9.<\/span><\/p><p><em><span class=\"OYPEnA font-feature-liga-off font-feature-clig-off font-feature-calt-off text-decoration-none text-strikethrough-none\">\u0152uvre d'art de Laura McNulty, \u00e9l\u00e8ve de 6e ann\u00e9e, \u00c9cole Ste-Marguerite Bourgeoys, Kenora<\/span><\/em><\/p>\t\t\t\t\t\t\t\t<\/div>\n\t\t\t\t<\/div>\n\t\t\t\t<\/div>\n\t\t\t\t<\/div>\n\t\t<div class=\"elementor-element elementor-element-cf2ee62 e-con-full e-flex e-con e-child\" data-id=\"cf2ee62\" data-element_type=\"container\" data-e-type=\"container\">\n\t\t<div class=\"elementor-element elementor-element-d906a2c e-con-full e-flex e-con e-child\" data-id=\"d906a2c\" data-element_type=\"container\" data-e-type=\"container\">\n\t\t\t\t<div class=\"elementor-element elementor-element-3648b31 elementor-widget elementor-widget-image\" data-id=\"3648b31\" data-element_type=\"widget\" data-e-type=\"widget\" data-widget_type=\"image.default\">\n\t\t\t\t<div class=\"elementor-widget-container\">\n\t\t\t\t\t\t\t\t\t\t\t\t\t\t\t<img decoding=\"async\" width=\"800\" height=\"689\" src=\"https:\/\/www.fireflynw.ca\/wp-content\/uploads\/2025\/01\/Reaching-Beyond-Artwork-by-Grade-6-student-Rylie-Kosloski-Ecole-Ste-Marguerite-Bourgeoys-Kenora-1024x882.jpg\" class=\"attachment-large size-large wp-image-2842\" alt=\"Reaching Beyond Artwork By Grade 6 Student, Rylie Kosloski, \u00c9cole Ste Marguerite Bourgeoys, Kenora\" srcset=\"https:\/\/www.fireflynw.ca\/wp-content\/uploads\/2025\/01\/Reaching-Beyond-Artwork-by-Grade-6-student-Rylie-Kosloski-Ecole-Ste-Marguerite-Bourgeoys-Kenora-1024x882.jpg 1024w, https:\/\/www.fireflynw.ca\/wp-content\/uploads\/2025\/01\/Reaching-Beyond-Artwork-by-Grade-6-student-Rylie-Kosloski-Ecole-Ste-Marguerite-Bourgeoys-Kenora-300x258.jpg 300w, https:\/\/www.fireflynw.ca\/wp-content\/uploads\/2025\/01\/Reaching-Beyond-Artwork-by-Grade-6-student-Rylie-Kosloski-Ecole-Ste-Marguerite-Bourgeoys-Kenora-768x661.jpg 768w, https:\/\/www.fireflynw.ca\/wp-content\/uploads\/2025\/01\/Reaching-Beyond-Artwork-by-Grade-6-student-Rylie-Kosloski-Ecole-Ste-Marguerite-Bourgeoys-Kenora-1536x1322.jpg 1536w, https:\/\/www.fireflynw.ca\/wp-content\/uploads\/2025\/01\/Reaching-Beyond-Artwork-by-Grade-6-student-Rylie-Kosloski-Ecole-Ste-Marguerite-Bourgeoys-Kenora-2048x1763.jpg 2048w, https:\/\/www.fireflynw.ca\/wp-content\/uploads\/2025\/01\/Reaching-Beyond-Artwork-by-Grade-6-student-Rylie-Kosloski-Ecole-Ste-Marguerite-Bourgeoys-Kenora-14x12.jpg 14w\" sizes=\"(max-width: 800px) 100vw, 800px\" \/>\t\t\t\t\t\t\t\t\t\t\t\t\t\t\t<\/div>\n\t\t\t\t<\/div>\n\t\t\t\t<\/div>\n\t\t<div class=\"elementor-element elementor-element-7e9d2cd e-con-full e-flex e-con e-child\" data-id=\"7e9d2cd\" data-element_type=\"container\" data-e-type=\"container\" data-settings=\"{&quot;background_background&quot;:&quot;classic&quot;}\">\n\t\t\t\t<div class=\"elementor-element elementor-element-bd8a8b0 elementor-widget elementor-widget-heading\" data-id=\"bd8a8b0\" data-element_type=\"widget\" data-e-type=\"widget\" data-widget_type=\"heading.default\">\n\t\t\t\t<div class=\"elementor-widget-container\">\n\t\t\t\t\t<h2 class=\"elementor-heading-title elementor-size-default\">D\u00e9passer les limites<\/h2>\t\t\t\t<\/div>\n\t\t\t\t<\/div>\n\t\t\t\t<div class=\"elementor-element elementor-element-d19d5a2 elementor-widget elementor-widget-text-editor\" data-id=\"d19d5a2\" data-element_type=\"widget\" data-e-type=\"widget\" data-widget_type=\"text-editor.default\">\n\t\t\t\t<div class=\"elementor-widget-container\">\n\t\t\t\t\t\t\t\t\t<p><span data-contrast=\"auto\">Nous sommes tourn\u00e9s vers l'avenir, motiv\u00e9s par ce qui est possible, et nous naviguons gracieusement dans le changement pour l'am\u00e9liorer.<\/span><span data-ccp-props=\"{}\">\u00a0<\/span><\/p><p><em><span class=\"OYPEnA font-feature-liga-off font-feature-clig-off font-feature-calt-off text-decoration-none text-strikethrough-none\">\u0152uvre d'art de Rylie Kosloski, \u00e9l\u00e8ve de 6e ann\u00e9e, \u00c9cole Ste-Marguerite Bourgeoys, Kenora<\/span><\/em><\/p><p><span data-olk-copy-source=\"MessageBody\">\u00a0<\/span><\/p>\t\t\t\t\t\t\t\t<\/div>\n\t\t\t\t<\/div>\n\t\t\t\t<\/div>\n\t\t\t\t<\/div>\n\t\t<div class=\"elementor-element elementor-element-086663a e-con-full e-flex e-con e-child\" data-id=\"086663a\" data-element_type=\"container\" data-e-type=\"container\">\n\t\t<div class=\"elementor-element elementor-element-40e2a93 e-con-full e-flex e-con e-child\" data-id=\"40e2a93\" data-element_type=\"container\" data-e-type=\"container\">\n\t\t\t\t<div class=\"elementor-element elementor-element-e7a2e22 elementor-widget elementor-widget-image\" data-id=\"e7a2e22\" data-element_type=\"widget\" data-e-type=\"widget\" data-widget_type=\"image.default\">\n\t\t\t\t<div class=\"elementor-widget-container\">\n\t\t\t\t\t\t\t\t\t\t\t\t\t\t\t<img decoding=\"async\" width=\"800\" height=\"695\" src=\"https:\/\/www.fireflynw.ca\/wp-content\/uploads\/2025\/01\/Sharing-and-Playing-Together-Artwork-by-Grade-6-student-Maggie-Carlson-Ecole-Ste-Marguerite-Bourgeoys-Ken-1024x890.jpg\" class=\"attachment-large size-large wp-image-2837\" alt=\"Sharing And Playing Together Artwork By Grade 6 Student, Maggie Carlson, \u00c9cole Ste Marguerite Bourgeoys, Ken\" srcset=\"https:\/\/www.fireflynw.ca\/wp-content\/uploads\/2025\/01\/Sharing-and-Playing-Together-Artwork-by-Grade-6-student-Maggie-Carlson-Ecole-Ste-Marguerite-Bourgeoys-Ken-1024x890.jpg 1024w, https:\/\/www.fireflynw.ca\/wp-content\/uploads\/2025\/01\/Sharing-and-Playing-Together-Artwork-by-Grade-6-student-Maggie-Carlson-Ecole-Ste-Marguerite-Bourgeoys-Ken-300x261.jpg 300w, https:\/\/www.fireflynw.ca\/wp-content\/uploads\/2025\/01\/Sharing-and-Playing-Together-Artwork-by-Grade-6-student-Maggie-Carlson-Ecole-Ste-Marguerite-Bourgeoys-Ken-768x667.jpg 768w, https:\/\/www.fireflynw.ca\/wp-content\/uploads\/2025\/01\/Sharing-and-Playing-Together-Artwork-by-Grade-6-student-Maggie-Carlson-Ecole-Ste-Marguerite-Bourgeoys-Ken-1536x1334.jpg 1536w, https:\/\/www.fireflynw.ca\/wp-content\/uploads\/2025\/01\/Sharing-and-Playing-Together-Artwork-by-Grade-6-student-Maggie-Carlson-Ecole-Ste-Marguerite-Bourgeoys-Ken-2048x1779.jpg 2048w, https:\/\/www.fireflynw.ca\/wp-content\/uploads\/2025\/01\/Sharing-and-Playing-Together-Artwork-by-Grade-6-student-Maggie-Carlson-Ecole-Ste-Marguerite-Bourgeoys-Ken-14x12.jpg 14w\" sizes=\"(max-width: 800px) 100vw, 800px\" \/>\t\t\t\t\t\t\t\t\t\t\t\t\t\t\t<\/div>\n\t\t\t\t<\/div>\n\t\t\t\t<\/div>\n\t\t<div class=\"elementor-element elementor-element-4673707 e-con-full e-flex e-con e-child\" data-id=\"4673707\" data-element_type=\"container\" data-e-type=\"container\" data-settings=\"{&quot;background_background&quot;:&quot;classic&quot;}\">\n\t\t\t\t<div class=\"elementor-element elementor-element-d485301 elementor-widget elementor-widget-heading\" data-id=\"d485301\" data-element_type=\"widget\" data-e-type=\"widget\" data-widget_type=\"heading.default\">\n\t\t\t\t<div class=\"elementor-widget-container\">\n\t\t\t\t\t<h2 class=\"elementor-heading-title elementor-size-default\">Partager et jouer<\/h2>\t\t\t\t<\/div>\n\t\t\t\t<\/div>\n\t\t\t\t<div class=\"elementor-element elementor-element-cbc65a7 elementor-widget elementor-widget-text-editor\" data-id=\"cbc65a7\" data-element_type=\"widget\" data-e-type=\"widget\" data-widget_type=\"text-editor.default\">\n\t\t\t\t<div class=\"elementor-widget-container\">\n\t\t\t\t\t\t\t\t\t<p><span data-olk-copy-source=\"MessageBody\">Les relations sont \u00e0 la base de tout ce que nous faisons. Nous croyons en l'union, la connexion et la collaboration.\u00a0<\/span><\/p><p><em><span class=\"OYPEnA font-feature-liga-off font-feature-clig-off font-feature-calt-off text-decoration-none text-strikethrough-none\">\u0152uvre d'art de Maggie Carlson, \u00e9l\u00e8ve de 6e ann\u00e9e, \u00c9cole Ste-Marguerite Bourgeoys, Kenora<\/span><\/em><\/p>\t\t\t\t\t\t\t\t<\/div>\n\t\t\t\t<\/div>\n\t\t\t\t<\/div>\n\t\t\t\t<\/div>\n\t\t<div class=\"elementor-element elementor-element-47319a3 e-con-full e-flex e-con e-child\" data-id=\"47319a3\" data-element_type=\"container\" data-e-type=\"container\">\n\t\t<div class=\"elementor-element elementor-element-b27f9e9 e-con-full e-flex e-con e-child\" data-id=\"b27f9e9\" data-element_type=\"container\" data-e-type=\"container\">\n\t\t\t\t<div class=\"elementor-element elementor-element-8814f53 elementor-widget elementor-widget-image\" data-id=\"8814f53\" data-element_type=\"widget\" data-e-type=\"widget\" data-widget_type=\"image.default\">\n\t\t\t\t<div class=\"elementor-widget-container\">\n\t\t\t\t\t\t\t\t\t\t\t\t\t\t\t<img loading=\"lazy\" decoding=\"async\" width=\"800\" height=\"698\" src=\"https:\/\/www.fireflynw.ca\/wp-content\/uploads\/2025\/01\/Empowerment-Artwork-by-Grade-6-student-Maggie-Carlson-Ecole-Ste-Marguerite-Bourgeoys-Kenora-1024x893.jpg\" class=\"attachment-large size-large wp-image-2839\" alt=\"Empowerment Artwork By Grade 6 Student, Maggie Carlson, \u00c9cole Ste Marguerite Bourgeoys, Kenora\" srcset=\"https:\/\/www.fireflynw.ca\/wp-content\/uploads\/2025\/01\/Empowerment-Artwork-by-Grade-6-student-Maggie-Carlson-Ecole-Ste-Marguerite-Bourgeoys-Kenora-1024x893.jpg 1024w, https:\/\/www.fireflynw.ca\/wp-content\/uploads\/2025\/01\/Empowerment-Artwork-by-Grade-6-student-Maggie-Carlson-Ecole-Ste-Marguerite-Bourgeoys-Kenora-300x262.jpg 300w, https:\/\/www.fireflynw.ca\/wp-content\/uploads\/2025\/01\/Empowerment-Artwork-by-Grade-6-student-Maggie-Carlson-Ecole-Ste-Marguerite-Bourgeoys-Kenora-768x670.jpg 768w, https:\/\/www.fireflynw.ca\/wp-content\/uploads\/2025\/01\/Empowerment-Artwork-by-Grade-6-student-Maggie-Carlson-Ecole-Ste-Marguerite-Bourgeoys-Kenora-1536x1340.jpg 1536w, https:\/\/www.fireflynw.ca\/wp-content\/uploads\/2025\/01\/Empowerment-Artwork-by-Grade-6-student-Maggie-Carlson-Ecole-Ste-Marguerite-Bourgeoys-Kenora-2048x1787.jpg 2048w, https:\/\/www.fireflynw.ca\/wp-content\/uploads\/2025\/01\/Empowerment-Artwork-by-Grade-6-student-Maggie-Carlson-Ecole-Ste-Marguerite-Bourgeoys-Kenora-14x12.jpg 14w\" sizes=\"(max-width: 800px) 100vw, 800px\" \/>\t\t\t\t\t\t\t\t\t\t\t\t\t\t\t<\/div>\n\t\t\t\t<\/div>\n\t\t\t\t<\/div>\n\t\t<div class=\"elementor-element elementor-element-7b65553 e-con-full e-flex e-con e-child\" data-id=\"7b65553\" data-element_type=\"container\" data-e-type=\"container\" data-settings=\"{&quot;background_background&quot;:&quot;classic&quot;}\">\n\t\t\t\t<div class=\"elementor-element elementor-element-5e4f54b elementor-widget elementor-widget-heading\" data-id=\"5e4f54b\" data-element_type=\"widget\" data-e-type=\"widget\" data-widget_type=\"heading.default\">\n\t\t\t\t<div class=\"elementor-widget-container\">\n\t\t\t\t\t<h2 class=\"elementor-heading-title elementor-size-default\">L'autonomisation<\/h2>\t\t\t\t<\/div>\n\t\t\t\t<\/div>\n\t\t\t\t<div class=\"elementor-element elementor-element-87eb034 elementor-widget elementor-widget-text-editor\" data-id=\"87eb034\" data-element_type=\"widget\" data-e-type=\"widget\" data-widget_type=\"text-editor.default\">\n\t\t\t\t<div class=\"elementor-widget-container\">\n\t\t\t\t\t\t\t\t\t<p><span data-olk-copy-source=\"MessageBody\">Nous croyons en la force et en la capacit\u00e9 de chacun et nous soutenons leur d\u00e9veloppement dans le cadre de notre travail. Nous encourageons et f\u00e9licitons nos clients, nous leur donnons confiance en eux et nous c\u00e9l\u00e9brons leurs points forts.\u00a0<\/span><\/p><p><em><span class=\"OYPEnA font-feature-liga-off font-feature-clig-off font-feature-calt-off text-decoration-none text-strikethrough-none\">\u0152uvre d'art de Maggie Carlson, \u00e9l\u00e8ve de 6e ann\u00e9e, \u00c9cole Ste-Marguerite Bourgeoys, Kenora<\/span><\/em><\/p>\t\t\t\t\t\t\t\t<\/div>\n\t\t\t\t<\/div>\n\t\t\t\t<\/div>\n\t\t\t\t<\/div>\n\t\t<div class=\"elementor-element elementor-element-d9500f1 e-con-full e-flex e-con e-child\" data-id=\"d9500f1\" data-element_type=\"container\" data-e-type=\"container\">\n\t\t<div class=\"elementor-element elementor-element-45f8ea9 e-con-full e-flex e-con e-child\" data-id=\"45f8ea9\" data-element_type=\"container\" data-e-type=\"container\">\n\t\t\t\t<div class=\"elementor-element elementor-element-ef47cb9 elementor-widget elementor-widget-image\" data-id=\"ef47cb9\" data-element_type=\"widget\" data-e-type=\"widget\" data-widget_type=\"image.default\">\n\t\t\t\t<div class=\"elementor-widget-container\">\n\t\t\t\t\t\t\t\t\t\t\t\t\t\t\t<img loading=\"lazy\" decoding=\"async\" width=\"800\" height=\"603\" src=\"https:\/\/www.fireflynw.ca\/wp-content\/uploads\/2025\/01\/Accountability-Artwork-by-Grade-2-student-Kierron-Open-Roads-School-Dryden-1024x772.jpg\" class=\"attachment-large size-large wp-image-2838\" alt=\"Accountability Artwork By Grade 2 Student, Kierron, Open Roads School, Dryden\" srcset=\"https:\/\/www.fireflynw.ca\/wp-content\/uploads\/2025\/01\/Accountability-Artwork-by-Grade-2-student-Kierron-Open-Roads-School-Dryden-1024x772.jpg 1024w, https:\/\/www.fireflynw.ca\/wp-content\/uploads\/2025\/01\/Accountability-Artwork-by-Grade-2-student-Kierron-Open-Roads-School-Dryden-300x226.jpg 300w, https:\/\/www.fireflynw.ca\/wp-content\/uploads\/2025\/01\/Accountability-Artwork-by-Grade-2-student-Kierron-Open-Roads-School-Dryden-768x579.jpg 768w, https:\/\/www.fireflynw.ca\/wp-content\/uploads\/2025\/01\/Accountability-Artwork-by-Grade-2-student-Kierron-Open-Roads-School-Dryden-1536x1158.jpg 1536w, https:\/\/www.fireflynw.ca\/wp-content\/uploads\/2025\/01\/Accountability-Artwork-by-Grade-2-student-Kierron-Open-Roads-School-Dryden-2048x1544.jpg 2048w, https:\/\/www.fireflynw.ca\/wp-content\/uploads\/2025\/01\/Accountability-Artwork-by-Grade-2-student-Kierron-Open-Roads-School-Dryden-16x12.jpg 16w\" sizes=\"(max-width: 800px) 100vw, 800px\" \/>\t\t\t\t\t\t\t\t\t\t\t\t\t\t\t<\/div>\n\t\t\t\t<\/div>\n\t\t\t\t<\/div>\n\t\t<div class=\"elementor-element elementor-element-75e7b1d e-con-full e-flex e-con e-child\" data-id=\"75e7b1d\" data-element_type=\"container\" data-e-type=\"container\" data-settings=\"{&quot;background_background&quot;:&quot;classic&quot;}\">\n\t\t\t\t<div class=\"elementor-element elementor-element-d4fb973 elementor-widget elementor-widget-heading\" data-id=\"d4fb973\" data-element_type=\"widget\" data-e-type=\"widget\" data-widget_type=\"heading.default\">\n\t\t\t\t<div class=\"elementor-widget-container\">\n\t\t\t\t\t<h2 class=\"elementor-heading-title elementor-size-default\">Responsabilit\u00e9 <\/h2>\t\t\t\t<\/div>\n\t\t\t\t<\/div>\n\t\t\t\t<div class=\"elementor-element elementor-element-03fc939 elementor-widget elementor-widget-text-editor\" data-id=\"03fc939\" data-element_type=\"widget\" data-e-type=\"widget\" data-widget_type=\"text-editor.default\">\n\t\t\t\t<div class=\"elementor-widget-container\">\n\t\t\t\t\t\t\t\t\t<p><span data-olk-copy-source=\"MessageBody\">Nous sommes fiables et assumons la responsabilit\u00e9 de notre travail, de nos interactions, de nos relations et de nos r\u00e9sultats.\u00a0<\/span><\/p><p><em><span class=\"OYPEnA font-feature-liga-off font-feature-clig-off font-feature-calt-off text-decoration-none text-strikethrough-none\">\u0152uvre d'art de Kierron, \u00e9l\u00e8ve de 2e ann\u00e9e, Open Roads School, Dryden<\/span> <\/em><\/p>\t\t\t\t\t\t\t\t<\/div>\n\t\t\t\t<\/div>\n\t\t\t\t<\/div>\n\t\t\t\t<\/div>\n\t\t\t\t\t<\/div>\n\t\t\t\t<\/div>\n\t\t\t\t<\/div>","protected":false},"excerpt":{"rendered":"<p>Our Mission Making a positive\u202fdifference in the wellbeing and life journey of children, young people and families.\u00a0 Our Vision Healthy People. Resilient Families. Vibrant Communities. Our Values Heart This value [&hellip;]<\/p>\n","protected":false},"author":1,"featured_media":0,"parent":15,"menu_order":0,"comment_status":"closed","ping_status":"closed","template":"","meta":{"_tec_requires_first_save":true,"_EventAllDay":false,"_EventTimezone":"","_EventStartDate":"","_EventEndDate":"","_EventStartDateUTC":"","_EventEndDateUTC":"","_EventShowMap":false,"_EventShowMapLink":false,"_EventURL":"","_EventCost":"","_EventCostDescription":"","_EventCurrencySymbol":"","_EventCurrencyCode":"","_EventCurrencyPosition":"","_EventDateTimeSeparator":"","_EventTimeRangeSeparator":"","_EventOrganizerID":[],"_EventVenueID":[],"_OrganizerEmail":"","_OrganizerPhone":"","_OrganizerWebsite":"","_VenueAddress":"","_VenueCity":"","_VenueCountry":"","_VenueProvince":"","_VenueState":"","_VenueZip":"","_VenuePhone":"","_VenueURL":"","_VenueStateProvince":"","_VenueLat":"","_VenueLng":"","_VenueShowMap":false,"_VenueShowMapLink":false,"_tribe_blocks_recurrence_rules":"","_tribe_blocks_recurrence_description":"","_tribe_blocks_recurrence_exclusions":"","slim_seo":{"title":"Mission, Vision and Values - FIREFLY","description":"Our Mission Making a positive\u202fdifference in the wellbeing and life journey of children, young people and families.\u00a0 Our Vision Healthy People. Resilient Familie"},"footnotes":""},"class_list":["post-668","page","type-page","status-publish","hentry"],"_links":{"self":[{"href":"https:\/\/www.fireflynw.ca\/fr\/wp-json\/wp\/v2\/pages\/668","targetHints":{"allow":["GET"]}}],"collection":[{"href":"https:\/\/www.fireflynw.ca\/fr\/wp-json\/wp\/v2\/pages"}],"about":[{"href":"https:\/\/www.fireflynw.ca\/fr\/wp-json\/wp\/v2\/types\/page"}],"author":[{"embeddable":true,"href":"https:\/\/www.fireflynw.ca\/fr\/wp-json\/wp\/v2\/users\/1"}],"replies":[{"embeddable":true,"href":"https:\/\/www.fireflynw.ca\/fr\/wp-json\/wp\/v2\/comments?post=668"}],"version-history":[{"count":24,"href":"https:\/\/www.fireflynw.ca\/fr\/wp-json\/wp\/v2\/pages\/668\/revisions"}],"predecessor-version":[{"id":4918,"href":"https:\/\/www.fireflynw.ca\/fr\/wp-json\/wp\/v2\/pages\/668\/revisions\/4918"}],"up":[{"embeddable":true,"href":"https:\/\/www.fireflynw.ca\/fr\/wp-json\/wp\/v2\/pages\/15"}],"wp:attachment":[{"href":"https:\/\/www.fireflynw.ca\/fr\/wp-json\/wp\/v2\/media?parent=668"}],"curies":[{"name":"wp","href":"https:\/\/api.w.org\/{rel}","templated":true}]}}