{"id":4064,"date":"2025-01-22T15:59:46","date_gmt":"2025-01-22T15:59:46","guid":{"rendered":"https:\/\/dev.fireflynw.ca\/?page_id=4064"},"modified":"2025-03-07T10:19:55","modified_gmt":"2025-03-07T16:19:55","slug":"psychiatry-services","status":"publish","type":"page","link":"https:\/\/www.fireflynw.ca\/fr\/services\/psychiatry-services\/","title":{"rendered":"Services de psychiatrie"},"content":{"rendered":"<div data-elementor-type=\"wp-page\" data-elementor-id=\"4064\" class=\"elementor elementor-4064\" data-elementor-post-type=\"page\">\n\t\t\t\t<div class=\"elementor-element elementor-element-155a205 e-flex e-con-boxed e-con e-parent\" data-id=\"155a205\" data-element_type=\"container\" data-e-type=\"container\" data-settings=\"{&quot;background_background&quot;:&quot;classic&quot;,&quot;shape_divider_bottom&quot;:&quot;curve&quot;}\">\n\t\t\t\t\t<div class=\"e-con-inner\">\n\t\t\t\t<div class=\"elementor-shape elementor-shape-bottom\" aria-hidden=\"true\" data-negative=\"false\">\n\t\t\t<svg xmlns=\"http:\/\/www.w3.org\/2000\/svg\" viewbox=\"0 0 1000 100\" preserveaspectratio=\"none\">\n    <path class=\"elementor-shape-fill\" d=\"M1000,4.3V0H0v4.3C0.9,23.1,126.7,99.2,500,100S1000,22.7,1000,4.3z\"\/>\n<\/svg>\t\t<\/div>\n\t\t<div class=\"elementor-element elementor-element-61e7f12 e-con-full e-flex e-con e-child\" data-id=\"61e7f12\" data-element_type=\"container\" data-e-type=\"container\">\n\t\t\t\t<div class=\"elementor-element elementor-element-66422af elementor-widget-tablet__width-initial elementor-widget elementor-widget-heading\" data-id=\"66422af\" data-element_type=\"widget\" data-e-type=\"widget\" data-widget_type=\"heading.default\">\n\t\t\t\t<div class=\"elementor-widget-container\">\n\t\t\t\t\t<h2 class=\"elementor-heading-title elementor-size-default\">Services de psychiatrie<\/h2>\t\t\t\t<\/div>\n\t\t\t\t<\/div>\n\t\t\t\t<div class=\"elementor-element elementor-element-98884ae elementor-align-right elementor-widget elementor-widget-button\" data-id=\"98884ae\" data-element_type=\"widget\" data-e-type=\"widget\" data-widget_type=\"button.default\">\n\t\t\t\t<div class=\"elementor-widget-container\">\n\t\t\t\t\t\t\t\t\t<div class=\"elementor-button-wrapper\">\n\t\t\t\t\t<a class=\"elementor-button elementor-button-link elementor-size-sm\" href=\"https:\/\/www.fireflynw.ca\/fr\/intake\/\">\n\t\t\t\t\t\t<span class=\"elementor-button-content-wrapper\">\n\t\t\t\t\t\t\t\t\t<span class=\"elementor-button-text\">Obtenir des services<\/span>\n\t\t\t\t\t<\/span>\n\t\t\t\t\t<\/a>\n\t\t\t\t<\/div>\n\t\t\t\t\t\t\t\t<\/div>\n\t\t\t\t<\/div>\n\t\t\t\t<\/div>\n\t\t\t\t\t<\/div>\n\t\t\t\t<\/div>\n\t\t<div class=\"elementor-element elementor-element-c155f80 e-con-full e-flex e-con e-parent\" data-id=\"c155f80\" data-element_type=\"container\" data-e-type=\"container\">\n\t\t<div class=\"elementor-element elementor-element-0f34a62 e-con-full e-flex e-con e-child\" data-id=\"0f34a62\" data-element_type=\"container\" data-e-type=\"container\">\n\t\t\t\t<div class=\"elementor-element elementor-element-48c8c60 elementor-widget elementor-widget-text-editor\" data-id=\"48c8c60\" data-element_type=\"widget\" data-e-type=\"widget\" data-widget_type=\"text-editor.default\">\n\t\t\t\t<div class=\"elementor-widget-container\">\n\t\t\t\t\t\t\t\t\t<p><span data-contrast=\"none\">Gr\u00e2ce \u00e0 l'utilisation de la technologie de la vid\u00e9oconf\u00e9rence, la<\/span><span data-contrast=\"none\">Tele-Mental Health Service provides publicly funded Child and Youth Mental Health (CYMH) community service providers with access to expert\u202f<\/span><span data-contrast=\"none\">specialized mental health consultations with a Psychiatrist.\u202f\u202f <\/span><span data-ccp-props=\"{}\">\u00a0<\/span><\/p>\t\t\t\t\t\t\t\t<\/div>\n\t\t\t\t<\/div>\n\t\t\t\t<div class=\"elementor-element elementor-element-731d6c8 elementor-widget elementor-widget-text-editor\" data-id=\"731d6c8\" data-element_type=\"widget\" data-e-type=\"widget\" data-widget_type=\"text-editor.default\">\n\t\t\t\t<div class=\"elementor-widget-container\">\n\t\t\t\t\t\t\t\t\t<p><span data-contrast=\"none\">Consultations may be in the form of clinical consultations (direct interaction between a child or youth and psychiatric expertise), and\/ or program consultations (professional-to-professional dialogue about a specific child or youth, treatment, or mental health condition).\u202f\u202f<\/span><span data-ccp-props=\"{}\">\u00a0<\/span><\/p>\t\t\t\t\t\t\t\t<\/div>\n\t\t\t\t<\/div>\n\t\t\t\t<\/div>\n\t\t<div class=\"elementor-element elementor-element-44d1e2c e-con-full e-flex e-con e-child\" data-id=\"44d1e2c\" data-element_type=\"container\" data-e-type=\"container\" data-settings=\"{&quot;background_background&quot;:&quot;classic&quot;}\">\n\t\t\t\t<div class=\"elementor-element elementor-element-3804f06 elementor-widget elementor-widget-image\" data-id=\"3804f06\" data-element_type=\"widget\" data-e-type=\"widget\" data-widget_type=\"image.default\">\n\t\t\t\t<div class=\"elementor-widget-container\">\n\t\t\t\t\t\t\t\t\t\t\t\t\t\t\t<img fetchpriority=\"high\" decoding=\"async\" width=\"800\" height=\"670\" src=\"https:\/\/www.fireflynw.ca\/wp-content\/uploads\/2025\/02\/Psychiatry-1024x858.png\" class=\"attachment-large size-large wp-image-5220\" alt=\"A boy between 8-10 wearing a white T-shirt with green stars on it smiles while typing on his laptop. A shelf of books and blocks is in the background.\" srcset=\"https:\/\/www.fireflynw.ca\/wp-content\/uploads\/2025\/02\/Psychiatry-1024x858.png 1024w, https:\/\/www.fireflynw.ca\/wp-content\/uploads\/2025\/02\/Psychiatry-300x251.png 300w, https:\/\/www.fireflynw.ca\/wp-content\/uploads\/2025\/02\/Psychiatry-768x644.png 768w, https:\/\/www.fireflynw.ca\/wp-content\/uploads\/2025\/02\/Psychiatry-1536x1288.png 1536w, https:\/\/www.fireflynw.ca\/wp-content\/uploads\/2025\/02\/Psychiatry-2048x1717.png 2048w, https:\/\/www.fireflynw.ca\/wp-content\/uploads\/2025\/02\/Psychiatry-14x12.png 14w\" sizes=\"(max-width: 800px) 100vw, 800px\" \/>\t\t\t\t\t\t\t\t\t\t\t\t\t\t\t<\/div>\n\t\t\t\t<\/div>\n\t\t\t\t<\/div>\n\t\t\t\t<\/div>\n\t\t\t\t<\/div>","protected":false},"excerpt":{"rendered":"<p>Get Services Through the use of\u202fvideo-conferencing technology, the\u202fTele-Mental Health Service provides publicly funded Child and Youth Mental Health (CYMH) community service providers with access to expert\u202fspecialized mental health consultations with [&hellip;]<\/p>\n","protected":false},"author":1,"featured_media":0,"parent":596,"menu_order":0,"comment_status":"closed","ping_status":"closed","template":"elementor_header_footer","meta":{"_tec_requires_first_save":true,"_EventAllDay":false,"_EventTimezone":"","_EventStartDate":"","_EventEndDate":"","_EventStartDateUTC":"","_EventEndDateUTC":"","_EventShowMap":false,"_EventShowMapLink":false,"_EventURL":"","_EventCost":"","_EventCostDescription":"","_EventCurrencySymbol":"","_EventCurrencyCode":"","_EventCurrencyPosition":"","_EventDateTimeSeparator":"","_EventTimeRangeSeparator":"","_EventOrganizerID":[],"_EventVenueID":[],"_OrganizerEmail":"","_OrganizerPhone":"","_OrganizerWebsite":"","_VenueAddress":"","_VenueCity":"","_VenueCountry":"","_VenueProvince":"","_VenueState":"","_VenueZip":"","_VenuePhone":"","_VenueURL":"","_VenueStateProvince":"","_VenueLat":"","_VenueLng":"","_VenueShowMap":false,"_VenueShowMapLink":false,"_tribe_blocks_recurrence_rules":"","_tribe_blocks_recurrence_description":"","_tribe_blocks_recurrence_exclusions":"","slim_seo":{"title":"Psychiatry Services - FIREFLY","description":"Get Services Through the use of\u202fvideo-conferencing technology, the\u202fTele-Mental Health Service provides publicly funded Child and Youth Mental Health (CYMH) comm"},"footnotes":""},"class_list":["post-4064","page","type-page","status-publish","hentry"],"_links":{"self":[{"href":"https:\/\/www.fireflynw.ca\/fr\/wp-json\/wp\/v2\/pages\/4064","targetHints":{"allow":["GET"]}}],"collection":[{"href":"https:\/\/www.fireflynw.ca\/fr\/wp-json\/wp\/v2\/pages"}],"about":[{"href":"https:\/\/www.fireflynw.ca\/fr\/wp-json\/wp\/v2\/types\/page"}],"author":[{"embeddable":true,"href":"https:\/\/www.fireflynw.ca\/fr\/wp-json\/wp\/v2\/users\/1"}],"replies":[{"embeddable":true,"href":"https:\/\/www.fireflynw.ca\/fr\/wp-json\/wp\/v2\/comments?post=4064"}],"version-history":[{"count":22,"href":"https:\/\/www.fireflynw.ca\/fr\/wp-json\/wp\/v2\/pages\/4064\/revisions"}],"predecessor-version":[{"id":5823,"href":"https:\/\/www.fireflynw.ca\/fr\/wp-json\/wp\/v2\/pages\/4064\/revisions\/5823"}],"up":[{"embeddable":true,"href":"https:\/\/www.fireflynw.ca\/fr\/wp-json\/wp\/v2\/pages\/596"}],"wp:attachment":[{"href":"https:\/\/www.fireflynw.ca\/fr\/wp-json\/wp\/v2\/media?parent=4064"}],"curies":[{"name":"wp","href":"https:\/\/api.w.org\/{rel}","templated":true}]}}