{"id":3,"date":"2022-07-05T19:07:21","date_gmt":"2022-07-05T19:07:21","guid":{"rendered":"http:\/\/35.182.85.233\/?page_id=3"},"modified":"2025-02-11T14:26:39","modified_gmt":"2025-02-11T20:26:39","slug":"website-privacy-policy","status":"publish","type":"page","link":"https:\/\/www.fireflynw.ca\/fr\/website-privacy-policy\/","title":{"rendered":"Politique de confidentialit\u00e9 du site web"},"content":{"rendered":"<div data-elementor-type=\"wp-page\" data-elementor-id=\"3\" class=\"elementor elementor-3\" data-elementor-post-type=\"page\">\n\t\t\t\t<div class=\"elementor-element elementor-element-1d32891 e-flex e-con-boxed e-con e-parent\" data-id=\"1d32891\" data-element_type=\"container\" data-e-type=\"container\" data-settings=\"{&quot;background_background&quot;:&quot;classic&quot;,&quot;shape_divider_bottom&quot;:&quot;curve&quot;}\">\n\t\t\t\t\t<div class=\"e-con-inner\">\n\t\t\t\t<div class=\"elementor-shape elementor-shape-bottom\" aria-hidden=\"true\" data-negative=\"false\">\n\t\t\t<svg xmlns=\"http:\/\/www.w3.org\/2000\/svg\" viewbox=\"0 0 1000 100\" preserveaspectratio=\"none\">\n    <path class=\"elementor-shape-fill\" d=\"M1000,4.3V0H0v4.3C0.9,23.1,126.7,99.2,500,100S1000,22.7,1000,4.3z\"\/>\n<\/svg>\t\t<\/div>\n\t\t<div class=\"elementor-element elementor-element-c8f8c97 e-con-full e-flex e-con e-child\" data-id=\"c8f8c97\" data-element_type=\"container\" data-e-type=\"container\">\n\t\t\t\t<div class=\"elementor-element elementor-element-332226b elementor-widget-tablet__width-initial elementor-widget elementor-widget-heading\" data-id=\"332226b\" data-element_type=\"widget\" data-e-type=\"widget\" data-widget_type=\"heading.default\">\n\t\t\t\t<div class=\"elementor-widget-container\">\n\t\t\t\t\t<h2 class=\"elementor-heading-title elementor-size-default\">Politique de confidentialit\u00e9 du site web<\/h2>\t\t\t\t<\/div>\n\t\t\t\t<\/div>\n\t\t\t\t<div class=\"elementor-element elementor-element-92f3174 elementor-align-right elementor-widget elementor-widget-button\" data-id=\"92f3174\" data-element_type=\"widget\" data-e-type=\"widget\" data-widget_type=\"button.default\">\n\t\t\t\t<div class=\"elementor-widget-container\">\n\t\t\t\t\t\t\t\t\t<div class=\"elementor-button-wrapper\">\n\t\t\t\t\t<a class=\"elementor-button elementor-button-link elementor-size-sm\" href=\"https:\/\/www.fireflynw.ca\/fr\/intake\/\">\n\t\t\t\t\t\t<span class=\"elementor-button-content-wrapper\">\n\t\t\t\t\t\t\t\t\t<span class=\"elementor-button-text\">Obtenir des services<\/span>\n\t\t\t\t\t<\/span>\n\t\t\t\t\t<\/a>\n\t\t\t\t<\/div>\n\t\t\t\t\t\t\t\t<\/div>\n\t\t\t\t<\/div>\n\t\t\t\t<\/div>\n\t\t\t\t\t<\/div>\n\t\t\t\t<\/div>\n\t\t<div class=\"elementor-element elementor-element-dd20e42 e-flex e-con-boxed e-con e-parent\" data-id=\"dd20e42\" data-element_type=\"container\" data-e-type=\"container\">\n\t\t\t\t\t<div class=\"e-con-inner\">\n\t\t<div class=\"elementor-element elementor-element-0183a5d e-con-full e-flex e-con e-child\" data-id=\"0183a5d\" data-element_type=\"container\" data-e-type=\"container\">\n\t\t\t\t<div class=\"elementor-element elementor-element-3635a5c elementor-widget elementor-widget-text-editor\" data-id=\"3635a5c\" data-element_type=\"widget\" data-e-type=\"widget\" data-widget_type=\"text-editor.default\">\n\t\t\t\t<div class=\"elementor-widget-container\">\n\t\t\t\t\t\t\t\t\t<p>FIREFLY s'engage \u00e0 prot\u00e9ger la vie priv\u00e9e de ses clients et des visiteurs de son site Web. La pr\u00e9sente politique de confidentialit\u00e9 d\u00e9crit la mani\u00e8re dont nous recueillons, utilisons, divulguons et prot\u00e9geons vos informations lorsque vous visitez notre site web fireflynw.ca (le \"site web\"). En utilisant le site web, vous acceptez les pratiques d\u00e9crites dans la pr\u00e9sente politique.<\/p>\t\t\t\t\t\t\t\t<\/div>\n\t\t\t\t<\/div>\n\t\t\t\t<div class=\"elementor-element elementor-element-60b4d1b elementor-widget elementor-widget-heading\" data-id=\"60b4d1b\" data-element_type=\"widget\" data-e-type=\"widget\" data-widget_type=\"heading.default\">\n\t\t\t\t<div class=\"elementor-widget-container\">\n\t\t\t\t\t<h4 class=\"elementor-heading-title elementor-size-default\">1. Les informations que nous collectons<\/h4>\t\t\t\t<\/div>\n\t\t\t\t<\/div>\n\t\t\t\t<div class=\"elementor-element elementor-element-b316323 elementor-widget elementor-widget-text-editor\" data-id=\"b316323\" data-element_type=\"widget\" data-e-type=\"widget\" data-widget_type=\"text-editor.default\">\n\t\t\t\t<div class=\"elementor-widget-container\">\n\t\t\t\t\t\t\t\t\t<p>Nous pouvons collecter les types d'informations suivants :<\/p>\t\t\t\t\t\t\t\t<\/div>\n\t\t\t\t<\/div>\n\t\t\t\t<div class=\"elementor-element elementor-element-011d6cd elementor-widget elementor-widget-heading\" data-id=\"011d6cd\" data-element_type=\"widget\" data-e-type=\"widget\" data-widget_type=\"heading.default\">\n\t\t\t\t<div class=\"elementor-widget-container\">\n\t\t\t\t\t<h5 class=\"elementor-heading-title elementor-size-default\">Informations personnelles<\/h5>\t\t\t\t<\/div>\n\t\t\t\t<\/div>\n\t\t\t\t<div class=\"elementor-element elementor-element-dba4239 elementor-widget elementor-widget-text-editor\" data-id=\"dba4239\" data-element_type=\"widget\" data-e-type=\"widget\" data-widget_type=\"text-editor.default\">\n\t\t\t\t<div class=\"elementor-widget-container\">\n\t\t\t\t\t\t\t\t\t<p>Nous ne collectons pas d'informations personnelles par le biais de ce site web<strong>. <\/strong><\/p>\t\t\t\t\t\t\t\t<\/div>\n\t\t\t\t<\/div>\n\t\t\t\t<div class=\"elementor-element elementor-element-d82e209 elementor-widget elementor-widget-heading\" data-id=\"d82e209\" data-element_type=\"widget\" data-e-type=\"widget\" data-widget_type=\"heading.default\">\n\t\t\t\t<div class=\"elementor-widget-container\">\n\t\t\t\t\t<h5 class=\"elementor-heading-title elementor-size-default\">Informations non personnelles<\/h5>\t\t\t\t<\/div>\n\t\t\t\t<\/div>\n\t\t\t\t<div class=\"elementor-element elementor-element-270ebae elementor-widget elementor-widget-text-editor\" data-id=\"270ebae\" data-element_type=\"widget\" data-e-type=\"widget\" data-widget_type=\"text-editor.default\">\n\t\t\t\t<div class=\"elementor-widget-container\">\n\t\t\t\t\t\t\t\t\t<p>Nous pouvons collecter les informations suivantes lors de votre visite sur le site web :<\/p><ul><li>Type de navigateur<\/li><li>Syst\u00e8me d'exploitation<\/li><li>Adresse IP<\/li><li>Pages visit\u00e9es sur notre site web<\/li><li>Date et heure des visites.<\/li><\/ul>\t\t\t\t\t\t\t\t<\/div>\n\t\t\t\t<\/div>\n\t\t\t\t<div class=\"elementor-element elementor-element-9d9f6f3 elementor-widget elementor-widget-heading\" data-id=\"9d9f6f3\" data-element_type=\"widget\" data-e-type=\"widget\" data-widget_type=\"heading.default\">\n\t\t\t\t<div class=\"elementor-widget-container\">\n\t\t\t\t\t<h5 class=\"elementor-heading-title elementor-size-default\">Cookies et technologies similaires<\/h5>\t\t\t\t<\/div>\n\t\t\t\t<\/div>\n\t\t\t\t<div class=\"elementor-element elementor-element-a3bf98b elementor-widget elementor-widget-text-editor\" data-id=\"a3bf98b\" data-element_type=\"widget\" data-e-type=\"widget\" data-widget_type=\"text-editor.default\">\n\t\t\t\t<div class=\"elementor-widget-container\">\n\t\t\t\t\t\t\t\t\t<p>Nous utilisons des cookies, des balises web et des technologies de suivi similaires pour am\u00e9liorer votre exp\u00e9rience sur notre site web et recueillir des donn\u00e9es d'utilisation. Vous pouvez contr\u00f4ler les pr\u00e9f\u00e9rences en mati\u00e8re de cookies par le biais des param\u00e8tres de votre navigateur.<\/p>\t\t\t\t\t\t\t\t<\/div>\n\t\t\t\t<\/div>\n\t\t\t\t<div class=\"elementor-element elementor-element-cb932f3 elementor-widget elementor-widget-heading\" data-id=\"cb932f3\" data-element_type=\"widget\" data-e-type=\"widget\" data-widget_type=\"heading.default\">\n\t\t\t\t<div class=\"elementor-widget-container\">\n\t\t\t\t\t<h4 class=\"elementor-heading-title elementor-size-default\">2. Comment nous utilisons vos informations<\/h4>\t\t\t\t<\/div>\n\t\t\t\t<\/div>\n\t\t\t\t<div class=\"elementor-element elementor-element-f2ebd66 elementor-widget elementor-widget-text-editor\" data-id=\"f2ebd66\" data-element_type=\"widget\" data-e-type=\"widget\" data-widget_type=\"text-editor.default\">\n\t\t\t\t<div class=\"elementor-widget-container\">\n\t\t\t\t\t\t\t\t\t<p>Nous utilisons les informations que nous recueillons aux fins suivantes :<\/p>\n<ul>\n<li>Am\u00e9liorer notre site web et nos services<\/li>\n<\/ul>\t\t\t\t\t\t\t\t<\/div>\n\t\t\t\t<\/div>\n\t\t\t\t<div class=\"elementor-element elementor-element-cd85529 elementor-widget elementor-widget-heading\" data-id=\"cd85529\" data-element_type=\"widget\" data-e-type=\"widget\" data-widget_type=\"heading.default\">\n\t\t\t\t<div class=\"elementor-widget-container\">\n\t\t\t\t\t<h4 class=\"elementor-heading-title elementor-size-default\">3. Comment nous partageons vos informations<\/h4>\t\t\t\t<\/div>\n\t\t\t\t<\/div>\n\t\t\t\t<div class=\"elementor-element elementor-element-5214a1d elementor-widget elementor-widget-text-editor\" data-id=\"5214a1d\" data-element_type=\"widget\" data-e-type=\"widget\" data-widget_type=\"text-editor.default\">\n\t\t\t\t<div class=\"elementor-widget-container\">\n\t\t\t\t\t\t\t\t\t<p>Nous ne vendons ni ne louons vos informations. Nous pouvons partager vos informations avec des tiers dans les circonstances suivantes :<\/p>\n<ul>\n<li><strong>Fournisseurs de services :<\/strong> Pour faciliter des services tels que l'h\u00e9bergement ou l'analyse<\/li>\n<li><strong>Conformit\u00e9 juridique :<\/strong> lorsque cela est n\u00e9cessaire pour se conformer aux lois, aux r\u00e8glements ou aux proc\u00e9dures l\u00e9gales<\/li>\n<li><strong>Transferts d'entreprise :<\/strong> dans le cadre d'une fusion, d'une vente ou d'un transfert de tout ou partie de nos activit\u00e9s<\/li>\n<li><strong>Am\u00e9lioration du site web et des services :<\/strong> Nous pouvons partager vos informations avec un tiers.<sup>rd<\/sup> partie contractante\/entreprise fournissant le site web ou d'autres services.<\/li>\n<\/ul>\t\t\t\t\t\t\t\t<\/div>\n\t\t\t\t<\/div>\n\t\t\t\t<div class=\"elementor-element elementor-element-d88e62a elementor-widget elementor-widget-heading\" data-id=\"d88e62a\" data-element_type=\"widget\" data-e-type=\"widget\" data-widget_type=\"heading.default\">\n\t\t\t\t<div class=\"elementor-widget-container\">\n\t\t\t\t\t<h4 class=\"elementor-heading-title elementor-size-default\">4. S\u00e9curit\u00e9 de vos informations<\/h4>\t\t\t\t<\/div>\n\t\t\t\t<\/div>\n\t\t\t\t<div class=\"elementor-element elementor-element-3b3f39e elementor-widget elementor-widget-text-editor\" data-id=\"3b3f39e\" data-element_type=\"widget\" data-e-type=\"widget\" data-widget_type=\"text-editor.default\">\n\t\t\t\t<div class=\"elementor-widget-container\">\n\t\t\t\t\t\t\t\t\t<p>Nous mettons en \u0153uvre des mesures de protection administratives, techniques et physiques raisonnables pour prot\u00e9ger les informations recueillies sur ce site web. Toutefois, aucun syst\u00e8me de transmission ou de stockage ne peut \u00eatre garanti comme \u00e9tant 100% s\u00fbr.<\/p>\t\t\t\t\t\t\t\t<\/div>\n\t\t\t\t<\/div>\n\t\t\t\t<div class=\"elementor-element elementor-element-b2c2180 elementor-widget elementor-widget-heading\" data-id=\"b2c2180\" data-element_type=\"widget\" data-e-type=\"widget\" data-widget_type=\"heading.default\">\n\t\t\t\t<div class=\"elementor-widget-container\">\n\t\t\t\t\t<h4 class=\"elementor-heading-title elementor-size-default\">5. Vos droits et vos choix<\/h4>\t\t\t\t<\/div>\n\t\t\t\t<\/div>\n\t\t\t\t<div class=\"elementor-element elementor-element-669ac07 elementor-widget elementor-widget-text-editor\" data-id=\"669ac07\" data-element_type=\"widget\" data-e-type=\"widget\" data-widget_type=\"text-editor.default\">\n\t\t\t\t<div class=\"elementor-widget-container\">\n\t\t\t\t\t\t\t\t\t<p>En vertu des lois canadiennes sur la protection de la vie priv\u00e9e, vous avez des droits concernant vos informations personnelles, notamment<\/p>\n<ul>\n<li>Acc\u00e8s \u00e0 vos donn\u00e9es personnelles<\/li>\n<li>Correction des informations inexactes ou incompl\u00e8tes<\/li>\n<li>Retrait du consentement pour des utilisations sp\u00e9cifiques de donn\u00e9es<\/li>\n<li>Demander la suppression de vos informations personnelles (sous r\u00e9serve des exigences l\u00e9gales)<\/li>\n<\/ul>\n<p>Pour exercer ces droits, veuillez nous contacter \u00e0 l'adresse suivante <a href=\"mailto:info@fireflynw.ca\">info@fireflynw.ca<\/a>.<\/p>\t\t\t\t\t\t\t\t<\/div>\n\t\t\t\t<\/div>\n\t\t\t\t<div class=\"elementor-element elementor-element-a00b253 elementor-widget elementor-widget-heading\" data-id=\"a00b253\" data-element_type=\"widget\" data-e-type=\"widget\" data-widget_type=\"heading.default\">\n\t\t\t\t<div class=\"elementor-widget-container\">\n\t\t\t\t\t<h4 class=\"elementor-heading-title elementor-size-default\">6. Liens avec des tiers<\/h4>\t\t\t\t<\/div>\n\t\t\t\t<\/div>\n\t\t\t\t<div class=\"elementor-element elementor-element-734ee3d elementor-widget elementor-widget-text-editor\" data-id=\"734ee3d\" data-element_type=\"widget\" data-e-type=\"widget\" data-widget_type=\"text-editor.default\">\n\t\t\t\t<div class=\"elementor-widget-container\">\n\t\t\t\t\t\t\t\t\t<p>Notre site web peut contenir des liens vers des sites web de tiers. Nous ne sommes pas responsables des pratiques de ces sites en mati\u00e8re de protection de la vie priv\u00e9e. Nous vous encourageons \u00e0 consulter leurs politiques de confidentialit\u00e9 avant de fournir des informations personnelles.<\/p>\t\t\t\t\t\t\t\t<\/div>\n\t\t\t\t<\/div>\n\t\t\t\t<div class=\"elementor-element elementor-element-49f5858 elementor-widget elementor-widget-heading\" data-id=\"49f5858\" data-element_type=\"widget\" data-e-type=\"widget\" data-widget_type=\"heading.default\">\n\t\t\t\t<div class=\"elementor-widget-container\">\n\t\t\t\t\t<h4 class=\"elementor-heading-title elementor-size-default\">7. Modifications de la pr\u00e9sente politique de protection de la vie priv\u00e9e<\/h4>\t\t\t\t<\/div>\n\t\t\t\t<\/div>\n\t\t\t\t<div class=\"elementor-element elementor-element-2ef7ac2 elementor-widget elementor-widget-text-editor\" data-id=\"2ef7ac2\" data-element_type=\"widget\" data-e-type=\"widget\" data-widget_type=\"text-editor.default\">\n\t\t\t\t<div class=\"elementor-widget-container\">\n\t\t\t\t\t\t\t\t\t<p>Nous pouvons mettre \u00e0 jour la pr\u00e9sente politique de confidentialit\u00e9 de temps \u00e0 autre. La \"date d'entr\u00e9e en vigueur\" figurant en haut de cette page indique la date de la derni\u00e8re r\u00e9vision de la politique. Nous vous encourageons \u00e0 consulter r\u00e9guli\u00e8rement cette politique.<\/p>\t\t\t\t\t\t\t\t<\/div>\n\t\t\t\t<\/div>\n\t\t\t\t<div class=\"elementor-element elementor-element-a57aec8 elementor-widget elementor-widget-heading\" data-id=\"a57aec8\" data-element_type=\"widget\" data-e-type=\"widget\" data-widget_type=\"heading.default\">\n\t\t\t\t<div class=\"elementor-widget-container\">\n\t\t\t\t\t<h4 class=\"elementor-heading-title elementor-size-default\">9. Nous contacter<\/h4>\t\t\t\t<\/div>\n\t\t\t\t<\/div>\n\t\t\t\t<div class=\"elementor-element elementor-element-66d1449 elementor-widget elementor-widget-text-editor\" data-id=\"66d1449\" data-element_type=\"widget\" data-e-type=\"widget\" data-widget_type=\"text-editor.default\">\n\t\t\t\t<div class=\"elementor-widget-container\">\n\t\t\t\t\t\t\t\t\t<p>Si vous avez des questions ou des pr\u00e9occupations concernant la pr\u00e9sente politique de confidentialit\u00e9 ou nos pratiques en mati\u00e8re de donn\u00e9es, veuillez nous contacter :<\/p><p><strong>VOL D'INCENDIE<\/strong><br \/>Courriel : info@fireflynw.ca<br \/>T\u00e9l\u00e9phone : 1-800-465-7203<br \/>Adresse : 820A Lakeview Drive, Kenora ON, P9N3P7<\/p>\t\t\t\t\t\t\t\t<\/div>\n\t\t\t\t<\/div>\n\t\t\t\t<\/div>\n\t\t<div class=\"elementor-element elementor-element-728d044 e-con-full e-flex e-con e-child\" data-id=\"728d044\" data-element_type=\"container\" data-e-type=\"container\" data-settings=\"{&quot;background_background&quot;:&quot;classic&quot;}\">\n\t\t<div class=\"elementor-element elementor-element-4540881 e-con-full e-flex e-con e-child\" data-id=\"4540881\" data-element_type=\"container\" data-e-type=\"container\" data-settings=\"{&quot;background_background&quot;:&quot;classic&quot;}\">\n\t\t\t\t<div class=\"elementor-element elementor-element-7a0c27c elementor-widget elementor-widget-heading\" data-id=\"7a0c27c\" data-element_type=\"widget\" data-e-type=\"widget\" data-widget_type=\"heading.default\">\n\t\t\t\t<div class=\"elementor-widget-container\">\n\t\t\t\t\t<h4 class=\"elementor-heading-title elementor-size-default\">Ressources<\/h4>\t\t\t\t<\/div>\n\t\t\t\t<\/div>\n\t\t\t\t<div class=\"elementor-element elementor-element-c3cf793 elementor-widget elementor-widget-text-editor\" data-id=\"c3cf793\" data-element_type=\"widget\" data-e-type=\"widget\" data-widget_type=\"text-editor.default\">\n\t\t\t\t<div class=\"elementor-widget-container\">\n\t\t\t\t\t\t\t\t\t<p>Veuillez noter que cette politique de confidentialit\u00e9 ne s'applique qu'\u00e0 l'utilisation du site web fireflynw.ca. Pour obtenir des informations sur la protection de la vie priv\u00e9e concernant les soins aux clients de FIREFLY, veuillez cliquer sur le lien suivant <a href=\"https:\/\/www.fireflynw.ca\/fr\/your-privacy\/\">ici<\/a>.<\/p>\t\t\t\t\t\t\t\t<\/div>\n\t\t\t\t<\/div>\n\t\t\t\t<\/div>\n\t\t\t\t<\/div>\n\t\t\t\t\t<\/div>\n\t\t\t\t<\/div>\n\t\t\t\t<\/div>","protected":false},"excerpt":{"rendered":"<p>Get Services FIREFLY is committed to protecting the privacy of our customers, clients, and website visitors. This Privacy Policy outlines how we collect, use, disclose, and safeguard your information when [&hellip;]<\/p>\n","protected":false},"author":1,"featured_media":0,"parent":0,"menu_order":0,"comment_status":"closed","ping_status":"open","template":"elementor_header_footer","meta":{"_tec_requires_first_save":true,"_EventAllDay":false,"_EventTimezone":"","_EventStartDate":"","_EventEndDate":"","_EventStartDateUTC":"","_EventEndDateUTC":"","_EventShowMap":false,"_EventShowMapLink":false,"_EventURL":"","_EventCost":"","_EventCostDescription":"","_EventCurrencySymbol":"","_EventCurrencyCode":"","_EventCurrencyPosition":"","_EventDateTimeSeparator":"","_EventTimeRangeSeparator":"","_EventOrganizerID":[],"_EventVenueID":[],"_OrganizerEmail":"","_OrganizerPhone":"","_OrganizerWebsite":"","_VenueAddress":"","_VenueCity":"","_VenueCountry":"","_VenueProvince":"","_VenueState":"","_VenueZip":"","_VenuePhone":"","_VenueURL":"","_VenueStateProvince":"","_VenueLat":"","_VenueLng":"","_VenueShowMap":false,"_VenueShowMapLink":false,"_tribe_blocks_recurrence_rules":"","_tribe_blocks_recurrence_description":"","_tribe_blocks_recurrence_exclusions":"","slim_seo":{"title":"Website Privacy Policy - FIREFLY","description":"Get Services FIREFLY is committed to protecting the privacy of our customers, clients, and website visitors. This Privacy Policy outlines how we collect, use, d"},"footnotes":""},"class_list":["post-3","page","type-page","status-publish","hentry"],"_links":{"self":[{"href":"https:\/\/www.fireflynw.ca\/fr\/wp-json\/wp\/v2\/pages\/3","targetHints":{"allow":["GET"]}}],"collection":[{"href":"https:\/\/www.fireflynw.ca\/fr\/wp-json\/wp\/v2\/pages"}],"about":[{"href":"https:\/\/www.fireflynw.ca\/fr\/wp-json\/wp\/v2\/types\/page"}],"author":[{"embeddable":true,"href":"https:\/\/www.fireflynw.ca\/fr\/wp-json\/wp\/v2\/users\/1"}],"replies":[{"embeddable":true,"href":"https:\/\/www.fireflynw.ca\/fr\/wp-json\/wp\/v2\/comments?post=3"}],"version-history":[{"count":20,"href":"https:\/\/www.fireflynw.ca\/fr\/wp-json\/wp\/v2\/pages\/3\/revisions"}],"predecessor-version":[{"id":5399,"href":"https:\/\/www.fireflynw.ca\/fr\/wp-json\/wp\/v2\/pages\/3\/revisions\/5399"}],"wp:attachment":[{"href":"https:\/\/www.fireflynw.ca\/fr\/wp-json\/wp\/v2\/media?parent=3"}],"curies":[{"name":"wp","href":"https:\/\/api.w.org\/{rel}","templated":true}]}}