{"id":2231,"date":"2024-12-11T16:06:55","date_gmt":"2024-12-11T16:06:55","guid":{"rendered":"http:\/\/35.182.85.233\/?page_id=2231"},"modified":"2025-03-07T09:54:36","modified_gmt":"2025-03-07T15:54:36","slug":"youth-justice-committee","status":"publish","type":"page","link":"https:\/\/www.fireflynw.ca\/fr\/services\/youth-justice-committee\/","title":{"rendered":"Comit\u00e9 de la justice des mineurs\u00a0"},"content":{"rendered":"<div data-elementor-type=\"wp-page\" data-elementor-id=\"2231\" class=\"elementor elementor-2231\" data-elementor-post-type=\"page\">\n\t\t\t\t<div class=\"elementor-element elementor-element-2c17424 e-flex e-con-boxed e-con e-parent\" data-id=\"2c17424\" data-element_type=\"container\" data-e-type=\"container\" data-settings=\"{&quot;background_background&quot;:&quot;classic&quot;,&quot;shape_divider_bottom&quot;:&quot;curve&quot;}\">\n\t\t\t\t\t<div class=\"e-con-inner\">\n\t\t\t\t<div class=\"elementor-shape elementor-shape-bottom\" aria-hidden=\"true\" data-negative=\"false\">\n\t\t\t<svg xmlns=\"http:\/\/www.w3.org\/2000\/svg\" viewbox=\"0 0 1000 100\" preserveaspectratio=\"none\">\n    <path class=\"elementor-shape-fill\" d=\"M1000,4.3V0H0v4.3C0.9,23.1,126.7,99.2,500,100S1000,22.7,1000,4.3z\"\/>\n<\/svg>\t\t<\/div>\n\t\t<div class=\"elementor-element elementor-element-0e293c9 e-con-full e-flex e-con e-child\" data-id=\"0e293c9\" data-element_type=\"container\" data-e-type=\"container\">\n\t\t\t\t<div class=\"elementor-element elementor-element-1dc236f elementor-widget-tablet__width-initial elementor-widget elementor-widget-heading\" data-id=\"1dc236f\" data-element_type=\"widget\" data-e-type=\"widget\" data-widget_type=\"heading.default\">\n\t\t\t\t<div class=\"elementor-widget-container\">\n\t\t\t\t\t<h2 class=\"elementor-heading-title elementor-size-default\">Comit\u00e9 de la justice des mineurs\u00a0<\/h2>\t\t\t\t<\/div>\n\t\t\t\t<\/div>\n\t\t\t\t<div class=\"elementor-element elementor-element-5b22d3f elementor-align-right elementor-widget elementor-widget-button\" data-id=\"5b22d3f\" data-element_type=\"widget\" data-e-type=\"widget\" data-widget_type=\"button.default\">\n\t\t\t\t<div class=\"elementor-widget-container\">\n\t\t\t\t\t\t\t\t\t<div class=\"elementor-button-wrapper\">\n\t\t\t\t\t<a class=\"elementor-button elementor-button-link elementor-size-sm\" href=\"https:\/\/www.fireflynw.ca\/fr\/intake\/\">\n\t\t\t\t\t\t<span class=\"elementor-button-content-wrapper\">\n\t\t\t\t\t\t\t\t\t<span class=\"elementor-button-text\">Obtenir des services<\/span>\n\t\t\t\t\t<\/span>\n\t\t\t\t\t<\/a>\n\t\t\t\t<\/div>\n\t\t\t\t\t\t\t\t<\/div>\n\t\t\t\t<\/div>\n\t\t\t\t<\/div>\n\t\t\t\t\t<\/div>\n\t\t\t\t<\/div>\n\t\t<div class=\"elementor-element elementor-element-63c7be1 e-flex e-con-boxed e-con e-parent\" data-id=\"63c7be1\" data-element_type=\"container\" data-e-type=\"container\">\n\t\t\t\t\t<div class=\"e-con-inner\">\n\t\t<div class=\"elementor-element elementor-element-1ef231c e-con-full e-flex e-con e-child\" data-id=\"1ef231c\" data-element_type=\"container\" data-e-type=\"container\">\n\t\t\t\t<div class=\"elementor-element elementor-element-b2615e9 elementor-widget elementor-widget-text-editor\" data-id=\"b2615e9\" data-element_type=\"widget\" data-e-type=\"widget\" data-widget_type=\"text-editor.default\">\n\t\t\t\t<div class=\"elementor-widget-container\">\n\t\t\t\t\t\t\t\t\t<p><span data-contrast=\"auto\">Le programme du Comit\u00e9 de justice pour la jeunesse offre une alternative \u00e0 la proc\u00e9dure judiciaire formelle pour les jeunes ayant des probl\u00e8mes avec la loi.<\/span><span data-ccp-props=\"{}\">\u00a0<\/span><\/p>\t\t\t\t\t\t\t\t<\/div>\n\t\t\t\t<\/div>\n\t\t\t\t<div class=\"elementor-element elementor-element-5c5f352 elementor-widget elementor-widget-heading\" data-id=\"5c5f352\" data-element_type=\"widget\" data-e-type=\"widget\" data-widget_type=\"heading.default\">\n\t\t\t\t<div class=\"elementor-widget-container\">\n\t\t\t\t\t<h5 class=\"elementor-heading-title elementor-size-default\">Focus sur le programme<\/h5>\t\t\t\t<\/div>\n\t\t\t\t<\/div>\n\t\t\t\t<div class=\"elementor-element elementor-element-b066285 elementor-widget elementor-widget-text-editor\" data-id=\"b066285\" data-element_type=\"widget\" data-e-type=\"widget\" data-widget_type=\"text-editor.default\">\n\t\t\t\t<div class=\"elementor-widget-container\">\n\t\t\t\t\t\t\t\t\t<p><span data-contrast=\"auto\">L'approche de la justice r\u00e9paratrice met l'accent sur l'obligation de rendre compte et la responsabilit\u00e9. L'accent est mis sur la r\u00e9paration du pr\u00e9judice et sur la responsabilisation des jeunes \u00e0 l'\u00e9gard de leurs actes par le biais de cons\u00e9quences significatives. Un mod\u00e8le de conf\u00e9rence permet aux membres de la communaut\u00e9 de s'impliquer dans le r\u00e9tablissement de la justice concernant nos jeunes. Cependant, il faut des b\u00e9n\u00e9voles pour que ce programme soit couronn\u00e9 de succ\u00e8s.<\/span><span data-ccp-props=\"{}\">\u00a0<\/span><\/p>\t\t\t\t\t\t\t\t<\/div>\n\t\t\t\t<\/div>\n\t\t\t\t<div class=\"elementor-element elementor-element-0a1d26c elementor-widget elementor-widget-heading\" data-id=\"0a1d26c\" data-element_type=\"widget\" data-e-type=\"widget\" data-widget_type=\"heading.default\">\n\t\t\t\t<div class=\"elementor-widget-container\">\n\t\t\t\t\t<h5 class=\"elementor-heading-title elementor-size-default\">Le b\u00e9n\u00e9volat <\/h5>\t\t\t\t<\/div>\n\t\t\t\t<\/div>\n\t\t\t\t<div class=\"elementor-element elementor-element-a727f04 elementor-widget elementor-widget-text-editor\" data-id=\"a727f04\" data-element_type=\"widget\" data-e-type=\"widget\" data-widget_type=\"text-editor.default\">\n\t\t\t\t<div class=\"elementor-widget-container\">\n\t\t\t\t\t\t\t\t\t<p><span data-contrast=\"auto\">Les b\u00e9n\u00e9voles du Comit\u00e9 de justice pour la jeunesse n'ont pas besoin de comp\u00e9tences particuli\u00e8res. La formation est assur\u00e9e par le minist\u00e8re du procureur g\u00e9n\u00e9ral. Les b\u00e9n\u00e9voles doivent se soumettre \u00e0 une v\u00e9rification de leur casier judiciaire et signer un serment de confidentialit\u00e9. Le temps \u00e0 consacrer au comit\u00e9 varie en fonction du nombre de b\u00e9n\u00e9voles qui le composent et du nombre d'affaires qui lui sont soumises.<\/span><span data-ccp-props=\"{}\">\u00a0<\/span><\/p>\t\t\t\t\t\t\t\t<\/div>\n\t\t\t\t<\/div>\n\t\t\t\t<div class=\"elementor-element elementor-element-0bb7c97 elementor-widget elementor-widget-heading\" data-id=\"0bb7c97\" data-element_type=\"widget\" data-e-type=\"widget\" data-widget_type=\"heading.default\">\n\t\t\t\t<div class=\"elementor-widget-container\">\n\t\t\t\t\t<h5 class=\"elementor-heading-title elementor-size-default\">Une approche alternative <\/h5>\t\t\t\t<\/div>\n\t\t\t\t<\/div>\n\t\t\t\t<div class=\"elementor-element elementor-element-43c71bc elementor-widget elementor-widget-text-editor\" data-id=\"43c71bc\" data-element_type=\"widget\" data-e-type=\"widget\" data-widget_type=\"text-editor.default\">\n\t\t\t\t<div class=\"elementor-widget-container\">\n\t\t\t\t\t\t\t\t\t<p><span data-contrast=\"auto\">Les programmes du Comit\u00e9 de justice pour la jeunesse ne remplacent pas le syst\u00e8me actuel de justice pour la jeunesse. Le programme est une approche alternative (g\u00e9n\u00e9ralement pour les primo-d\u00e9linquants) qui ont commis une infraction mineure, mais suffisamment grave pour donner lieu \u00e0 des poursuites p\u00e9nales. Le jeune doit accepter d'assumer la responsabilit\u00e9 de ses actes et de participer pleinement au programme.<\/span><span data-ccp-props=\"{}\">\u00a0<\/span><\/p>\t\t\t\t\t\t\t\t<\/div>\n\t\t\t\t<\/div>\n\t\t\t\t<div class=\"elementor-element elementor-element-eb7b41e elementor-widget elementor-widget-heading\" data-id=\"eb7b41e\" data-element_type=\"widget\" data-e-type=\"widget\" data-widget_type=\"heading.default\">\n\t\t\t\t<div class=\"elementor-widget-container\">\n\t\t\t\t\t<h5 class=\"elementor-heading-title elementor-size-default\">Conf\u00e9rence <\/h5>\t\t\t\t<\/div>\n\t\t\t\t<\/div>\n\t\t\t\t<div class=\"elementor-element elementor-element-62732d5 elementor-widget elementor-widget-text-editor\" data-id=\"62732d5\" data-element_type=\"widget\" data-e-type=\"widget\" data-widget_type=\"text-editor.default\">\n\t\t\t\t<div class=\"elementor-widget-container\">\n\t\t\t\t\t\t\t\t\t<p><span data-contrast=\"auto\">Les b\u00e9n\u00e9voles de la communaut\u00e9 sont form\u00e9s \u00e0 l'animation de conf\u00e9rences. La conf\u00e9rence est une r\u00e9union respectueuse des personnes touch\u00e9es par un crime. Les victimes peuvent exprimer comment le crime les a affect\u00e9es et ce qu'elles pensent pouvoir \u00eatre fait pour r\u00e9parer leurs torts. Les d\u00e9linquants ont l'occasion de faire part des probl\u00e8mes personnels qui ont pu contribuer \u00e0 leurs actes. Les membres de la famille et les personnes de soutien de la victime et du d\u00e9linquant sont invit\u00e9s \u00e0 participer \u00e0 la conf\u00e9rence.<\/span><span data-ccp-props=\"{}\">\u00a0<\/span><\/p>\t\t\t\t\t\t\t\t<\/div>\n\t\t\t\t<\/div>\n\t\t\t\t<div class=\"elementor-element elementor-element-cbf66cb elementor-widget elementor-widget-text-editor\" data-id=\"cbf66cb\" data-element_type=\"widget\" data-e-type=\"widget\" data-widget_type=\"text-editor.default\">\n\t\t\t\t<div class=\"elementor-widget-container\">\n\t\t\t\t\t\t\t\t\t<p><span data-contrast=\"auto\">Apr\u00e8s avoir examin\u00e9 les questions et les implications li\u00e9es \u00e0 l'infraction, le comit\u00e9 d\u00e9cide des sanctions les plus appropri\u00e9es pour r\u00e9soudre l'affaire.<\/span><span data-ccp-props=\"{}\">\u00a0<\/span><\/p>\t\t\t\t\t\t\t\t<\/div>\n\t\t\t\t<\/div>\n\t\t\t\t<div class=\"elementor-element elementor-element-e841cfb elementor-widget elementor-widget-heading\" data-id=\"e841cfb\" data-element_type=\"widget\" data-e-type=\"widget\" data-widget_type=\"heading.default\">\n\t\t\t\t<div class=\"elementor-widget-container\">\n\t\t\t\t\t<h5 class=\"elementor-heading-title elementor-size-default\">Contact<\/h5>\t\t\t\t<\/div>\n\t\t\t\t<\/div>\n\t\t\t\t<div class=\"elementor-element elementor-element-0b2e2d3 elementor-widget elementor-widget-text-editor\" data-id=\"0b2e2d3\" data-element_type=\"widget\" data-e-type=\"widget\" data-widget_type=\"text-editor.default\">\n\t\t\t\t<div class=\"elementor-widget-container\">\n\t\t\t\t\t\t\t\t\t<p><span data-contrast=\"auto\">For information about volunteering, please contact our Dryden FIREFLY office:<\/span><span data-ccp-props=\"{}\">\u00a0<\/span><\/p><p><span data-contrast=\"auto\">VOL D'INCENDIE<\/span>\u00a0<br \/><span data-contrast=\"auto\">75C Van Horne Avenue<\/span>\u00a0<br \/><span data-contrast=\"auto\">Dryden, ON<\/span>\u00a0<br \/><span data-contrast=\"auto\">P8N 2B2<\/span>\u00a0<br \/><span data-contrast=\"auto\">807-223-8550<\/span><span data-ccp-props=\"{}\">\u00a0<\/span><\/p>\t\t\t\t\t\t\t\t<\/div>\n\t\t\t\t<\/div>\n\t\t\t\t<\/div>\n\t\t<div class=\"elementor-element elementor-element-9926f52 e-con-full e-flex e-con e-child\" data-id=\"9926f52\" data-element_type=\"container\" data-e-type=\"container\" data-settings=\"{&quot;background_background&quot;:&quot;classic&quot;}\">\n\t\t\t\t<div class=\"elementor-element elementor-element-ce44a1b elementor-widget elementor-widget-image\" data-id=\"ce44a1b\" data-element_type=\"widget\" data-e-type=\"widget\" data-widget_type=\"image.default\">\n\t\t\t\t<div class=\"elementor-widget-container\">\n\t\t\t\t\t\t\t\t\t\t\t\t\t\t\t<img fetchpriority=\"high\" decoding=\"async\" width=\"800\" height=\"290\" src=\"https:\/\/www.fireflynw.ca\/wp-content\/uploads\/2025\/01\/Justice--1024x371.png\" class=\"attachment-large size-large wp-image-3155\" alt=\"Justice\" srcset=\"https:\/\/www.fireflynw.ca\/wp-content\/uploads\/2025\/01\/Justice--1024x371.png 1024w, https:\/\/www.fireflynw.ca\/wp-content\/uploads\/2025\/01\/Justice--300x109.png 300w, https:\/\/www.fireflynw.ca\/wp-content\/uploads\/2025\/01\/Justice--768x279.png 768w, https:\/\/www.fireflynw.ca\/wp-content\/uploads\/2025\/01\/Justice--1536x557.png 1536w, https:\/\/www.fireflynw.ca\/wp-content\/uploads\/2025\/01\/Justice--18x7.png 18w, https:\/\/www.fireflynw.ca\/wp-content\/uploads\/2025\/01\/Justice-.png 2015w\" sizes=\"(max-width: 800px) 100vw, 800px\" \/>\t\t\t\t\t\t\t\t\t\t\t\t\t\t\t<\/div>\n\t\t\t\t<\/div>\n\t\t\t\t<\/div>\n\t\t\t\t\t<\/div>\n\t\t\t\t<\/div>\n\t\t\t\t<\/div>","protected":false},"excerpt":{"rendered":"<p>Get Services The Youth Justice Committee Program offers an\u202falternative to the formal court process for young people in trouble with the law.\u00a0 Program Focus A restorative justice approach stresses accountability [&hellip;]<\/p>\n","protected":false},"author":1,"featured_media":0,"parent":596,"menu_order":0,"comment_status":"closed","ping_status":"closed","template":"elementor_header_footer","meta":{"_tec_requires_first_save":true,"_EventAllDay":false,"_EventTimezone":"","_EventStartDate":"","_EventEndDate":"","_EventStartDateUTC":"","_EventEndDateUTC":"","_EventShowMap":false,"_EventShowMapLink":false,"_EventURL":"","_EventCost":"","_EventCostDescription":"","_EventCurrencySymbol":"","_EventCurrencyCode":"","_EventCurrencyPosition":"","_EventDateTimeSeparator":"","_EventTimeRangeSeparator":"","_EventOrganizerID":[],"_EventVenueID":[],"_OrganizerEmail":"","_OrganizerPhone":"","_OrganizerWebsite":"","_VenueAddress":"","_VenueCity":"","_VenueCountry":"","_VenueProvince":"","_VenueState":"","_VenueZip":"","_VenuePhone":"","_VenueURL":"","_VenueStateProvince":"","_VenueLat":"","_VenueLng":"","_VenueShowMap":false,"_VenueShowMapLink":false,"_tribe_blocks_recurrence_rules":"","_tribe_blocks_recurrence_description":"","_tribe_blocks_recurrence_exclusions":"","slim_seo":{"title":"Youth Justice Committee\u00a0 - FIREFLY","description":"Get Services The Youth Justice Committee Program offers an\u202falternative to the formal court process for young people in trouble with the law.\u00a0 Program Focus A re"},"footnotes":""},"class_list":["post-2231","page","type-page","status-publish","hentry"],"_links":{"self":[{"href":"https:\/\/www.fireflynw.ca\/fr\/wp-json\/wp\/v2\/pages\/2231","targetHints":{"allow":["GET"]}}],"collection":[{"href":"https:\/\/www.fireflynw.ca\/fr\/wp-json\/wp\/v2\/pages"}],"about":[{"href":"https:\/\/www.fireflynw.ca\/fr\/wp-json\/wp\/v2\/types\/page"}],"author":[{"embeddable":true,"href":"https:\/\/www.fireflynw.ca\/fr\/wp-json\/wp\/v2\/users\/1"}],"replies":[{"embeddable":true,"href":"https:\/\/www.fireflynw.ca\/fr\/wp-json\/wp\/v2\/comments?post=2231"}],"version-history":[{"count":10,"href":"https:\/\/www.fireflynw.ca\/fr\/wp-json\/wp\/v2\/pages\/2231\/revisions"}],"predecessor-version":[{"id":5781,"href":"https:\/\/www.fireflynw.ca\/fr\/wp-json\/wp\/v2\/pages\/2231\/revisions\/5781"}],"up":[{"embeddable":true,"href":"https:\/\/www.fireflynw.ca\/fr\/wp-json\/wp\/v2\/pages\/596"}],"wp:attachment":[{"href":"https:\/\/www.fireflynw.ca\/fr\/wp-json\/wp\/v2\/media?parent=2231"}],"curies":[{"name":"wp","href":"https:\/\/api.w.org\/{rel}","templated":true}]}}