{"id":2203,"date":"2024-12-11T16:00:00","date_gmt":"2024-12-11T16:00:00","guid":{"rendered":"http:\/\/35.182.85.233\/?page_id=2203"},"modified":"2025-01-28T12:01:25","modified_gmt":"2025-01-28T18:01:25","slug":"infant-child-development-program","status":"publish","type":"page","link":"https:\/\/www.fireflynw.ca\/fr\/services\/infant-child-development-program\/","title":{"rendered":"Programme de d\u00e9veloppement du nourrisson et de l'enfant\u00a0"},"content":{"rendered":"<div data-elementor-type=\"wp-page\" data-elementor-id=\"2203\" class=\"elementor elementor-2203\" data-elementor-post-type=\"page\">\n\t\t\t\t<div class=\"elementor-element elementor-element-bee47e1 e-flex e-con-boxed e-con e-parent\" data-id=\"bee47e1\" data-element_type=\"container\" data-e-type=\"container\" data-settings=\"{&quot;background_background&quot;:&quot;classic&quot;,&quot;shape_divider_bottom&quot;:&quot;curve&quot;}\">\n\t\t\t\t\t<div class=\"e-con-inner\">\n\t\t\t\t<div class=\"elementor-shape elementor-shape-bottom\" aria-hidden=\"true\" data-negative=\"false\">\n\t\t\t<svg xmlns=\"http:\/\/www.w3.org\/2000\/svg\" viewbox=\"0 0 1000 100\" preserveaspectratio=\"none\">\n    <path class=\"elementor-shape-fill\" d=\"M1000,4.3V0H0v4.3C0.9,23.1,126.7,99.2,500,100S1000,22.7,1000,4.3z\"\/>\n<\/svg>\t\t<\/div>\n\t\t<div class=\"elementor-element elementor-element-f2cc16d e-con-full e-flex e-con e-child\" data-id=\"f2cc16d\" data-element_type=\"container\" data-e-type=\"container\">\n\t\t\t\t<div class=\"elementor-element elementor-element-4954b45 elementor-widget-tablet__width-initial elementor-widget elementor-widget-heading\" data-id=\"4954b45\" data-element_type=\"widget\" data-e-type=\"widget\" data-widget_type=\"heading.default\">\n\t\t\t\t<div class=\"elementor-widget-container\">\n\t\t\t\t\t<h2 class=\"elementor-heading-title elementor-size-default\">Programme de d\u00e9veloppement du nourrisson et de l'enfant\u00a0<\/h2>\t\t\t\t<\/div>\n\t\t\t\t<\/div>\n\t\t\t\t<div class=\"elementor-element elementor-element-5abc33f elementor-align-right elementor-widget elementor-widget-button\" data-id=\"5abc33f\" data-element_type=\"widget\" data-e-type=\"widget\" data-widget_type=\"button.default\">\n\t\t\t\t<div class=\"elementor-widget-container\">\n\t\t\t\t\t\t\t\t\t<div class=\"elementor-button-wrapper\">\n\t\t\t\t\t<a class=\"elementor-button elementor-button-link elementor-size-sm\" href=\"\">\n\t\t\t\t\t\t<span class=\"elementor-button-content-wrapper\">\n\t\t\t\t\t\t\t\t\t<span class=\"elementor-button-text\">Obtenir des services<\/span>\n\t\t\t\t\t<\/span>\n\t\t\t\t\t<\/a>\n\t\t\t\t<\/div>\n\t\t\t\t\t\t\t\t<\/div>\n\t\t\t\t<\/div>\n\t\t\t\t<\/div>\n\t\t\t\t\t<\/div>\n\t\t\t\t<\/div>\n\t\t<div class=\"elementor-element elementor-element-cd0a63a e-flex e-con-boxed e-con e-parent\" data-id=\"cd0a63a\" data-element_type=\"container\" data-e-type=\"container\">\n\t\t\t\t\t<div class=\"e-con-inner\">\n\t\t<div class=\"elementor-element elementor-element-a00b1c7 e-con-full e-flex e-con e-child\" data-id=\"a00b1c7\" data-element_type=\"container\" data-e-type=\"container\" id=\"dryden\">\n\t\t\t\t<div class=\"elementor-element elementor-element-2569715 elementor-widget elementor-widget-heading\" data-id=\"2569715\" data-element_type=\"widget\" data-e-type=\"widget\" data-widget_type=\"heading.default\">\n\t\t\t\t<div class=\"elementor-widget-container\">\n\t\t\t\t\t<h4 class=\"elementor-heading-title elementor-size-default\">Dryden, Sioux Lookout, Red Lake<\/h4>\t\t\t\t<\/div>\n\t\t\t\t<\/div>\n\t\t\t\t<div class=\"elementor-element elementor-element-d1eebbf elementor-widget elementor-widget-text-editor\" data-id=\"d1eebbf\" data-element_type=\"widget\" data-e-type=\"widget\" data-widget_type=\"text-editor.default\">\n\t\t\t\t<div class=\"elementor-widget-container\">\n\t\t\t\t\t\t\t\t\t<p>Le programme de d\u00e9veloppement du nourrisson et de l'enfant (ICDP) fournit des services d'intervention pr\u00e9coce aux familles dont les enfants, de la naissance \u00e0 l'entr\u00e9e \u00e0 l'\u00e9cole, ont \u00e9t\u00e9 diagnostiqu\u00e9s avec un retard de d\u00e9veloppement ou risquent d'en avoir un.<\/p>\t\t\t\t\t\t\t\t<\/div>\n\t\t\t\t<\/div>\n\t\t\t\t<div class=\"elementor-element elementor-element-e953f2b elementor-widget elementor-widget-text-editor\" data-id=\"e953f2b\" data-element_type=\"widget\" data-e-type=\"widget\" data-widget_type=\"text-editor.default\">\n\t\t\t\t<div class=\"elementor-widget-container\">\n\t\t\t\t\t\t\t\t\t<p>Les services de d\u00e9veloppement du nourrisson et de l'enfant sont centr\u00e9s sur la famille et sur l'enfant, les besoins de l'enfant et de la famille \u00e9tant l'objectif principal. Les services peuvent \u00eatre dispens\u00e9s en personne ou virtuellement.<\/p>\t\t\t\t\t\t\t\t<\/div>\n\t\t\t\t<\/div>\n\t\t\t\t<div class=\"elementor-element elementor-element-95c23e5 elementor-widget elementor-widget-text-editor\" data-id=\"95c23e5\" data-element_type=\"widget\" data-e-type=\"widget\" data-widget_type=\"text-editor.default\">\n\t\t\t\t<div class=\"elementor-widget-container\">\n\t\t\t\t\t\t\t\t\t<p>Services disponibles :<\/p><ul><li>D\u00e9pistage et \u00e9valuation<\/li><\/ul><ul><li>Coaching familial<\/li><\/ul><ul><li>Informations et ressources<\/li><\/ul><ul><li>Ateliers et groupes<\/li><\/ul><ul><li>Coordination avec d'autres services<\/li><\/ul><ul><li>Consultations avec d'autres professionnels (avec le consentement des parents)<\/li><\/ul><ul><li>Soutien \u00e0 la transition vers la garde d'enfants et l'\u00e9cole<\/li><\/ul><ul><li>Les familles\/tuteurs participent \u00e0 l'\u00e9laboration des plans d'intervention et des strat\u00e9gies li\u00e9es \u00e0 l'intervention.<\/li><\/ul>\t\t\t\t\t\t\t\t<\/div>\n\t\t\t\t<\/div>\n\t\t\t\t<\/div>\n\t\t<div class=\"elementor-element elementor-element-ab4ef7c e-con-full e-flex e-con e-child\" data-id=\"ab4ef7c\" data-element_type=\"container\" data-e-type=\"container\" data-settings=\"{&quot;background_background&quot;:&quot;classic&quot;}\">\n\t\t<div class=\"elementor-element elementor-element-fdcb316 e-con-full e-flex e-con e-child\" data-id=\"fdcb316\" data-element_type=\"container\" data-e-type=\"container\" data-settings=\"{&quot;background_background&quot;:&quot;classic&quot;}\">\n\t\t\t\t<div class=\"elementor-element elementor-element-d2fd1e4 elementor-widget elementor-widget-heading\" data-id=\"d2fd1e4\" data-element_type=\"widget\" data-e-type=\"widget\" data-widget_type=\"heading.default\">\n\t\t\t\t<div class=\"elementor-widget-container\">\n\t\t\t\t\t<h4 class=\"elementor-heading-title elementor-size-default\">Sur cette page<\/h4>\t\t\t\t<\/div>\n\t\t\t\t<\/div>\n\t\t\t\t<div class=\"elementor-element elementor-element-3add0ac elementor-icon-list--layout-traditional elementor-list-item-link-full_width elementor-widget elementor-widget-icon-list\" data-id=\"3add0ac\" data-element_type=\"widget\" data-e-type=\"widget\" data-widget_type=\"icon-list.default\">\n\t\t\t\t<div class=\"elementor-widget-container\">\n\t\t\t\t\t\t\t<ul class=\"elementor-icon-list-items\">\n\t\t\t\t\t\t\t<li class=\"elementor-icon-list-item\">\n\t\t\t\t\t\t\t\t\t\t\t<a href=\"\">\n\n\t\t\t\t\t\t\t\t\t\t\t<span class=\"elementor-icon-list-text\">Services \u00e0 Dryden, Sioux Lookout, Red Lake, Ear Falls et Ignace<\/span>\n\t\t\t\t\t\t\t\t\t\t\t<\/a>\n\t\t\t\t\t\t\t\t\t<\/li>\n\t\t\t\t\t\t\t\t<li class=\"elementor-icon-list-item\">\n\t\t\t\t\t\t\t\t\t\t\t<a href=\"\">\n\n\t\t\t\t\t\t\t\t\t\t\t<span class=\"elementor-icon-list-text\">Services \u00e0 Kenora et Fort Frances<\/span>\n\t\t\t\t\t\t\t\t\t\t\t<\/a>\n\t\t\t\t\t\t\t\t\t<\/li>\n\t\t\t\t\t\t<\/ul>\n\t\t\t\t\t\t<\/div>\n\t\t\t\t<\/div>\n\t\t\t\t<\/div>\n\t\t\t\t<div class=\"elementor-element elementor-element-cc8f9cc elementor-widget elementor-widget-image\" data-id=\"cc8f9cc\" data-element_type=\"widget\" data-e-type=\"widget\" data-widget_type=\"image.default\">\n\t\t\t\t<div class=\"elementor-widget-container\">\n\t\t\t\t\t\t\t\t\t\t\t\t\t\t\t<img fetchpriority=\"high\" decoding=\"async\" width=\"800\" height=\"534\" src=\"https:\/\/www.fireflynw.ca\/wp-content\/uploads\/2025\/01\/Infant-Child-Development-2-1024x683.png\" class=\"attachment-large size-large wp-image-3066\" alt=\"Infant &amp; Child Development 2\" srcset=\"https:\/\/www.fireflynw.ca\/wp-content\/uploads\/2025\/01\/Infant-Child-Development-2-1024x683.png 1024w, https:\/\/www.fireflynw.ca\/wp-content\/uploads\/2025\/01\/Infant-Child-Development-2-300x200.png 300w, https:\/\/www.fireflynw.ca\/wp-content\/uploads\/2025\/01\/Infant-Child-Development-2-768x512.png 768w, https:\/\/www.fireflynw.ca\/wp-content\/uploads\/2025\/01\/Infant-Child-Development-2-1536x1024.png 1536w, https:\/\/www.fireflynw.ca\/wp-content\/uploads\/2025\/01\/Infant-Child-Development-2-18x12.png 18w, https:\/\/www.fireflynw.ca\/wp-content\/uploads\/2025\/01\/Infant-Child-Development-2.png 2025w\" sizes=\"(max-width: 800px) 100vw, 800px\" \/>\t\t\t\t\t\t\t\t\t\t\t\t\t\t\t<\/div>\n\t\t\t\t<\/div>\n\t\t\t\t<\/div>\n\t\t\t\t\t<\/div>\n\t\t\t\t<\/div>\n\t\t<div class=\"elementor-element elementor-element-39b466e e-flex e-con-boxed e-con e-parent\" data-id=\"39b466e\" data-element_type=\"container\" data-e-type=\"container\">\n\t\t\t\t\t<div class=\"e-con-inner\">\n\t\t\t\t<div class=\"elementor-element elementor-element-ecbd0d0 elementor-widget elementor-widget-heading\" data-id=\"ecbd0d0\" data-element_type=\"widget\" data-e-type=\"widget\" data-widget_type=\"heading.default\">\n\t\t\t\t<div class=\"elementor-widget-container\">\n\t\t\t\t\t<h5 class=\"elementor-heading-title elementor-size-default\">\u00c9ligibilit\u00e9<\/h5>\t\t\t\t<\/div>\n\t\t\t\t<\/div>\n\t\t\t\t<div class=\"elementor-element elementor-element-43b0d3e elementor-widget elementor-widget-text-editor\" data-id=\"43b0d3e\" data-element_type=\"widget\" data-e-type=\"widget\" data-widget_type=\"text-editor.default\">\n\t\t\t\t<div class=\"elementor-widget-container\">\n\t\t\t\t\t\t\t\t\t<p>Ce service est gratuit et s'adresse aux enfants de la naissance \u00e0 l'entr\u00e9e \u00e0 l'\u00e9cole qui vivent dans les districts de Kenora et de Rainy River (y compris le Grand Nord) et qui ont ou risquent d'avoir un retard de d\u00e9veloppement. *Veuillez noter que pour les familles r\u00e9sidant dans les villes de Kenora ou de Fort Frances, d'autres organisations sont charg\u00e9es de fournir ces services. Vous trouverez ci-dessous un lien vers leurs sites Web.\u00a0<\/p>\t\t\t\t\t\t\t\t<\/div>\n\t\t\t\t<\/div>\n\t\t\t\t<div class=\"elementor-element elementor-element-16a4df1 elementor-widget elementor-widget-heading\" data-id=\"16a4df1\" data-element_type=\"widget\" data-e-type=\"widget\" data-widget_type=\"heading.default\">\n\t\t\t\t<div class=\"elementor-widget-container\">\n\t\t\t\t\t<h4 class=\"elementor-heading-title elementor-size-default\">Kenora et Fort Frances<\/h4>\t\t\t\t<\/div>\n\t\t\t\t<\/div>\n\t\t\t\t<div class=\"elementor-element elementor-element-2a557e3 elementor-widget elementor-widget-text-editor\" data-id=\"2a557e3\" data-element_type=\"widget\" data-e-type=\"widget\" data-widget_type=\"text-editor.default\">\n\t\t\t\t<div class=\"elementor-widget-container\">\n\t\t\t\t\t\t\t\t\t<p>Services fournis par des agences partenaires :<\/p>\t\t\t\t\t\t\t\t<\/div>\n\t\t\t\t<\/div>\n\t\t\t\t<div class=\"elementor-element elementor-element-2c9115b elementor-widget elementor-widget-heading\" data-id=\"2c9115b\" data-element_type=\"widget\" data-e-type=\"widget\" data-widget_type=\"heading.default\">\n\t\t\t\t<div class=\"elementor-widget-container\">\n\t\t\t\t\t<h4 class=\"elementor-heading-title elementor-size-default\">Kenora<\/h4>\t\t\t\t<\/div>\n\t\t\t\t<\/div>\n\t\t\t\t<div class=\"elementor-element elementor-element-6a63932 elementor-widget elementor-widget-text-editor\" data-id=\"6a63932\" data-element_type=\"widget\" data-e-type=\"widget\" data-widget_type=\"text-editor.default\">\n\t\t\t\t<div class=\"elementor-widget-container\">\n\t\t\t\t\t\t\t\t\t<p><a href=\"httpss:\/\/www.kacl.ca\/index.php\/en\/\" target=\"_blank\" rel=\"noopener\">Association pour l'int\u00e9gration communautaire de Kenora<\/a><\/p><p><a href=\"https:\/\/www.kenorachiefs.ca\/?page_id=2222\" target=\"_blank\" rel=\"noopener\">Conseil des chefs de Kenora<\/a><\/p>\t\t\t\t\t\t\t\t<\/div>\n\t\t\t\t<\/div>\n\t\t\t\t<div class=\"elementor-element elementor-element-42f0a54 elementor-widget elementor-widget-heading\" data-id=\"42f0a54\" data-element_type=\"widget\" data-e-type=\"widget\" data-widget_type=\"heading.default\">\n\t\t\t\t<div class=\"elementor-widget-container\">\n\t\t\t\t\t<h4 class=\"elementor-heading-title elementor-size-default\">Fort Frances<\/h4>\t\t\t\t<\/div>\n\t\t\t\t<\/div>\n\t\t\t\t<div class=\"elementor-element elementor-element-54ff102 elementor-widget elementor-widget-text-editor\" data-id=\"54ff102\" data-element_type=\"widget\" data-e-type=\"widget\" data-widget_type=\"text-editor.default\">\n\t\t\t\t<div class=\"elementor-widget-container\">\n\t\t\t\t\t\t\t\t\t<p><a href=\"httpss:\/\/www.krrcfs.ca\/infant-child-development\" target=\"_blank\" rel=\"noopener\">Services \u00e0 l'enfance et \u00e0 la famille de Kenora-Rainy River<\/a><\/p><p><a href=\"httpss:\/\/www.fftahs.com\/\" target=\"_blank\" rel=\"noopener\"><span class=\"font-size-15 m-font-size-15\">Services de sant\u00e9 Giishkaandago'Ikwe<\/span><\/a><\/p>\t\t\t\t\t\t\t\t<\/div>\n\t\t\t\t<\/div>\n\t\t\t\t<div class=\"elementor-element elementor-element-87d21d3 elementor-widget elementor-widget-n-accordion\" data-id=\"87d21d3\" data-element_type=\"widget\" data-e-type=\"widget\" data-settings=\"{&quot;max_items_expended&quot;:&quot;multiple&quot;,&quot;default_state&quot;:&quot;expanded&quot;,&quot;n_accordion_animation_duration&quot;:{&quot;unit&quot;:&quot;ms&quot;,&quot;size&quot;:400,&quot;sizes&quot;:[]}}\" data-widget_type=\"nested-accordion.default\">\n\t\t\t\t<div class=\"elementor-widget-container\">\n\t\t\t\t\t\t\t<div class=\"e-n-accordion\" aria-label=\"Accord\u00e9on. Ouvrez les liens avec Enter ou Space, fermez-les avec Escape et naviguez avec les touches fl\u00e9ch\u00e9es.\">\n\t\t\t\t\t\t<details id=\"ADS\" class=\"e-n-accordion-item\" open>\n\t\t\t\t<summary class=\"e-n-accordion-item-title\" data-accordion-index=\"1\" tabindex=\"0\" aria-expanded=\"true\" aria-controls=\"ADS\" >\n\t\t\t\t\t<span class='e-n-accordion-item-title-header'><div class=\"e-n-accordion-item-title-text\"> \u00c0 quoi s'attendre ? <\/div><\/span>\n\t\t\t\t\t\t\t<span class='e-n-accordion-item-title-icon'>\n\t\t\t<span class='e-opened' ><svg aria-hidden=\"true\" class=\"e-font-icon-svg e-fas-minus\" viewbox=\"0 0 448 512\" xmlns=\"http:\/\/www.w3.org\/2000\/svg\"><path d=\"M416 208H32c-17.67 0-32 14.33-32 32v32c0 17.67 14.33 32 32 32h384c17.67 0 32-14.33 32-32v-32c0-17.67-14.33-32-32-32z\"><\/path><\/svg><\/span>\n\t\t\t<span class='e-closed'><svg aria-hidden=\"true\" class=\"e-font-icon-svg e-fas-plus\" viewbox=\"0 0 448 512\" xmlns=\"http:\/\/www.w3.org\/2000\/svg\"><path d=\"M416 208H272V64c0-17.67-14.33-32-32-32h-32c-17.67 0-32 14.33-32 32v144H32c-17.67 0-32 14.33-32 32v32c0 17.67 14.33 32 32 32h144v144c0 17.67 14.33 32 32 32h32c17.67 0 32-14.33 32-32V304h144c17.67 0 32-14.33 32-32v-32c0-17.67-14.33-32-32-32z\"><\/path><\/svg><\/span>\n\t\t<\/span>\n\n\t\t\t\t\t\t<\/summary>\n\t\t\t\t<div role=\"region\" aria-labelledby=\"ADS\" class=\"elementor-element elementor-element-7fcb222 e-con-full e-flex e-con e-child\" data-id=\"7fcb222\" data-element_type=\"container\" data-e-type=\"container\">\n\t\t<div role=\"region\" aria-labelledby=\"ADS\" class=\"elementor-element elementor-element-1bf89bc e-flex e-con-boxed e-con e-child\" data-id=\"1bf89bc\" data-element_type=\"container\" data-e-type=\"container\">\n\t\t\t\t\t<div class=\"e-con-inner\">\n\t\t\t\t<div class=\"elementor-element elementor-element-f4f25d2 elementor-widget elementor-widget-text-editor\" data-id=\"f4f25d2\" data-element_type=\"widget\" data-e-type=\"widget\" data-widget_type=\"text-editor.default\">\n\t\t\t\t<div class=\"elementor-widget-container\">\n\t\t\t\t\t\t\t\t\t<ul><li>Un bilan de d\u00e9veloppement sera r\u00e9alis\u00e9 pour l'enfant avec le parent\/tuteur en consultation avec d'autres membres de l'\u00e9quipe de l'enfant.<\/li><li>Une r\u00e9union de soutien \u00e0 la famille sera organis\u00e9e pour examiner les r\u00e9sultats du d\u00e9pistage des troubles du d\u00e9veloppement et faciliter la prise de d\u00e9cision de la famille ou de la personne qui s'occupe de l'enfant en vue de fixer des objectifs pour l'enfant.<\/li><li>Un plan de soutien familial sera \u00e9labor\u00e9 pour identifier les besoins de la famille\/des soignants, les objectifs fonctionnels et les strat\u00e9gies pour r\u00e9pondre aux besoins de d\u00e9veloppement de l'enfant. Les objectifs familiaux seront maintenus dans diff\u00e9rents environnements (garderie et \u00e9cole).<\/li><li>Si n\u00e9cessaire, le consultant DCI peut faire appel \u00e0 d'autres services pour obtenir de l'aide.<\/li><\/ul>\t\t\t\t\t\t\t\t<\/div>\n\t\t\t\t<\/div>\n\t\t\t\t\t<\/div>\n\t\t\t\t<\/div>\n\t\t\t\t<\/div>\n\t\t\t\t\t<\/details>\n\t\t\t\t\t\t<details id=\"ADS\" class=\"e-n-accordion-item\" >\n\t\t\t\t<summary class=\"e-n-accordion-item-title\" data-accordion-index=\"2\" tabindex=\"-1\" aria-expanded=\"false\" aria-controls=\"ADS\" >\n\t\t\t\t\t<span class='e-n-accordion-item-title-header'><div class=\"e-n-accordion-item-title-text\"> Avantages de l'intervention pr\u00e9coce <\/div><\/span>\n\t\t\t\t\t\t\t<span class='e-n-accordion-item-title-icon'>\n\t\t\t<span class='e-opened' ><svg aria-hidden=\"true\" class=\"e-font-icon-svg e-fas-minus\" viewbox=\"0 0 448 512\" xmlns=\"http:\/\/www.w3.org\/2000\/svg\"><path d=\"M416 208H32c-17.67 0-32 14.33-32 32v32c0 17.67 14.33 32 32 32h384c17.67 0 32-14.33 32-32v-32c0-17.67-14.33-32-32-32z\"><\/path><\/svg><\/span>\n\t\t\t<span class='e-closed'><svg aria-hidden=\"true\" class=\"e-font-icon-svg e-fas-plus\" viewbox=\"0 0 448 512\" xmlns=\"http:\/\/www.w3.org\/2000\/svg\"><path d=\"M416 208H272V64c0-17.67-14.33-32-32-32h-32c-17.67 0-32 14.33-32 32v144H32c-17.67 0-32 14.33-32 32v32c0 17.67 14.33 32 32 32h144v144c0 17.67 14.33 32 32 32h32c17.67 0 32-14.33 32-32V304h144c17.67 0 32-14.33 32-32v-32c0-17.67-14.33-32-32-32z\"><\/path><\/svg><\/span>\n\t\t<\/span>\n\n\t\t\t\t\t\t<\/summary>\n\t\t\t\t<div role=\"region\" aria-labelledby=\"ADS\" class=\"elementor-element elementor-element-4b1233a e-con-full e-flex e-con e-child\" data-id=\"4b1233a\" data-element_type=\"container\" data-e-type=\"container\">\n\t\t<div role=\"region\" aria-labelledby=\"ADS\" class=\"elementor-element elementor-element-1731a24 e-flex e-con-boxed e-con e-child\" data-id=\"1731a24\" data-element_type=\"container\" data-e-type=\"container\">\n\t\t\t\t\t<div class=\"e-con-inner\">\n\t\t\t\t<div class=\"elementor-element elementor-element-1cd5828 elementor-widget elementor-widget-text-editor\" data-id=\"1cd5828\" data-element_type=\"widget\" data-e-type=\"widget\" data-widget_type=\"text-editor.default\">\n\t\t\t\t<div class=\"elementor-widget-container\">\n\t\t\t\t\t\t\t\t\t<ul><li>En vous adressant \u00e0 un conseiller en d\u00e9veloppement, vous pourrez acqu\u00e9rir de nouvelles comp\u00e9tences et vous aider \u00e0 identifier les prochaines \u00e9tapes du d\u00e9veloppement et les moyens d'encourager la progression vers ces \u00e9tapes.<\/li><li>Comprendre le d\u00e9veloppement de votre enfant peut permettre d'identifier un besoin d'intervention pr\u00e9coce dans les domaines qui n\u00e9cessitent un soutien suppl\u00e9mentaire. L'intervention pr\u00e9coce peut r\u00e9duire le besoin de soutien \u00e0 l'\u00e9cole et plus tard dans la vie.<\/li><li>Votre conseiller peut vous accompagner et vous soutenir dans les m\u00e9thodes permettant d'atteindre les objectifs de d\u00e9veloppement afin que vous soyez plus \u00e0 l'aise pour travailler sur de nouvelles comp\u00e9tences avec votre enfant.<\/li><li>Votre conseiller peut mettre votre enfant en contact avec des soutiens suppl\u00e9mentaires et des professionnels qui peuvent cibler sp\u00e9cifiquement les domaines n\u00e9cessitant un soutien.<\/li><\/ul>\t\t\t\t\t\t\t\t<\/div>\n\t\t\t\t<\/div>\n\t\t\t\t\t<\/div>\n\t\t\t\t<\/div>\n\t\t\t\t<\/div>\n\t\t\t\t\t<\/details>\n\t\t\t\t\t<\/div>\n\t\t\t\t\t\t<\/div>\n\t\t\t\t<\/div>\n\t\t\t\t\t<\/div>\n\t\t\t\t<\/div>\n\t\t\t\t<\/div>","protected":false},"excerpt":{"rendered":"<p>Get Services Dryden, Sioux Lookout, Red Lake The infant and child development program (ICDP) provides early intervention services to families of children birth to school entry who have been diagnosed [&hellip;]<\/p>\n","protected":false},"author":1,"featured_media":0,"parent":596,"menu_order":0,"comment_status":"closed","ping_status":"closed","template":"elementor_header_footer","meta":{"_tec_requires_first_save":true,"_EventAllDay":false,"_EventTimezone":"","_EventStartDate":"","_EventEndDate":"","_EventStartDateUTC":"","_EventEndDateUTC":"","_EventShowMap":false,"_EventShowMapLink":false,"_EventURL":"","_EventCost":"","_EventCostDescription":"","_EventCurrencySymbol":"","_EventCurrencyCode":"","_EventCurrencyPosition":"","_EventDateTimeSeparator":"","_EventTimeRangeSeparator":"","_EventOrganizerID":[],"_EventVenueID":[],"_OrganizerEmail":"","_OrganizerPhone":"","_OrganizerWebsite":"","_VenueAddress":"","_VenueCity":"","_VenueCountry":"","_VenueProvince":"","_VenueState":"","_VenueZip":"","_VenuePhone":"","_VenueURL":"","_VenueStateProvince":"","_VenueLat":"","_VenueLng":"","_VenueShowMap":false,"_VenueShowMapLink":false,"_tribe_blocks_recurrence_rules":"","_tribe_blocks_recurrence_description":"","_tribe_blocks_recurrence_exclusions":"","slim_seo":{"title":"Infant Child Development Program\u00a0 - FIREFLY","description":"Get Services Dryden, Sioux Lookout, Red Lake The infant and child development program (ICDP) provides early intervention services to families of children birth"},"footnotes":""},"class_list":["post-2203","page","type-page","status-publish","hentry"],"_links":{"self":[{"href":"https:\/\/www.fireflynw.ca\/fr\/wp-json\/wp\/v2\/pages\/2203","targetHints":{"allow":["GET"]}}],"collection":[{"href":"https:\/\/www.fireflynw.ca\/fr\/wp-json\/wp\/v2\/pages"}],"about":[{"href":"https:\/\/www.fireflynw.ca\/fr\/wp-json\/wp\/v2\/types\/page"}],"author":[{"embeddable":true,"href":"https:\/\/www.fireflynw.ca\/fr\/wp-json\/wp\/v2\/users\/1"}],"replies":[{"embeddable":true,"href":"https:\/\/www.fireflynw.ca\/fr\/wp-json\/wp\/v2\/comments?post=2203"}],"version-history":[{"count":49,"href":"https:\/\/www.fireflynw.ca\/fr\/wp-json\/wp\/v2\/pages\/2203\/revisions"}],"predecessor-version":[{"id":4434,"href":"https:\/\/www.fireflynw.ca\/fr\/wp-json\/wp\/v2\/pages\/2203\/revisions\/4434"}],"up":[{"embeddable":true,"href":"https:\/\/www.fireflynw.ca\/fr\/wp-json\/wp\/v2\/pages\/596"}],"wp:attachment":[{"href":"https:\/\/www.fireflynw.ca\/fr\/wp-json\/wp\/v2\/media?parent=2203"}],"curies":[{"name":"wp","href":"https:\/\/api.w.org\/{rel}","templated":true}]}}